{"id":3284,"date":"2026-02-12T20:20:51","date_gmt":"2026-02-12T18:20:51","guid":{"rendered":"https:\/\/www.reitponystation.de\/cms\/?page_id=3284"},"modified":"2026-02-16T12:41:34","modified_gmt":"2026-02-16T10:41:34","slug":"ekholts-picasso","status":"publish","type":"page","link":"https:\/\/www.reitponystation.de\/cms\/zucht\/hengste\/ekholts-picasso\/","title":{"rendered":"Ekholt\u2019s Picasso"},"content":{"rendered":"<p><div class=\"fusion-fullwidth fullwidth-box fusion-builder-row-1 fusion-flex-container nonhundred-percent-fullwidth non-hundred-percent-height-scrolling\" style=\"--awb-border-radius-top-left:0px;--awb-border-radius-top-right:0px;--awb-border-radius-bottom-right:0px;--awb-border-radius-bottom-left:0px;--awb-background-color:#444444;--awb-flex-wrap:wrap;\" ><div class=\"fusion-builder-row fusion-row fusion-flex-align-items-flex-start fusion-flex-content-wrap\" style=\"max-width:1622.4px;margin-left: calc(-4% \/ 2 );margin-right: calc(-4% \/ 2 );\"><div class=\"fusion-layout-column fusion_builder_column fusion-builder-column-0 fusion_builder_column_1_3 1_3 fusion-flex-column fusion-text-white\" style=\"--awb-padding-top:20px;--awb-padding-right:20px;--awb-padding-bottom:20px;--awb-padding-left:20px;--awb-bg-color:rgba(216,216,216,0);--awb-bg-color-hover:rgba(216,216,216,0);--awb-bg-size:cover;--awb-width-large:33.3333333333%;--awb-margin-top-large:0px;--awb-spacing-right-large:4.32%;--awb-margin-bottom-large:0px;--awb-spacing-left-large:5.76%;--awb-width-medium:33.3333333333%;--awb-spacing-right-medium:4.32%;--awb-spacing-left-medium:5.76%;--awb-width-small:100%;--awb-spacing-right-small:1.92%;--awb-spacing-left-small:1.92%;\"><div class=\"fusion-column-wrapper fusion-flex-justify-content-flex-start fusion-content-layout-column\"><div class=\"fusion-title title fusion-title-1 fusion-title-text fusion-title-size-two\" style=\"--awb-margin-top:20px;\"><div class=\"title-sep-container title-sep-container-left fusion-no-large-visibility fusion-no-medium-visibility fusion-no-small-visibility\"><div class=\"title-sep sep-single sep-solid\" style=\"border-color:#e0dede;\"><\/div><\/div><span class=\"awb-title-spacer fusion-no-large-visibility fusion-no-medium-visibility fusion-no-small-visibility\"><\/span><h2 class=\"fusion-title-heading title-heading-left fusion-responsive-typography-calculated\" style=\"margin:0;--fontSize:35;line-height:1.29;\">Ekholt\u2019s Picasso<\/h2><span class=\"awb-title-spacer\"><\/span><div class=\"title-sep-container title-sep-container-right\"><div class=\"title-sep sep-single sep-solid\" style=\"border-color:#e0dede;\"><\/div><\/div><\/div><div class=\"fusion-text fusion-text-1\"><p><strong>Welsh B \u00b7 Schimmel \u00b7 1,33 m \u00b7 *2023<\/strong><\/p>\n<\/div><div class=\"fusion-text fusion-text-2\"><p><strong>Z\u00fcchter: <\/strong>N. B\u00fcscherhoff, Seeth-Ekholt<strong><br \/>\nBesitzer:<\/strong> N. B\u00fcscherhoff, Seeth-Ekholt<\/p>\n<\/div><div class=\"fusion-separator fusion-full-width-sep\" style=\"align-self: flex-start;margin-right:auto;margin-top:10px;margin-bottom:10px;width:100%;\"><div class=\"fusion-separator-border sep-single sep-solid\" style=\"--awb-height:20px;--awb-amount:20px;border-color:#e0dede;border-top-width:1px;\"><\/div><\/div><div class=\"fusion-text fusion-text-3\"><ul>\n<li>1a Fohlenpreis<\/li>\n<li>Sieger IG Welsh Schau<\/li>\n<li>K\u00f6rungssieger u. Pr\u00e4mienhengstanw\u00e4rter Pferdestammbuch SH\/HH 2026<\/li>\n<\/ul>\n<\/div><\/div><\/div><div class=\"fusion-layout-column fusion_builder_column fusion-builder-column-1 fusion_builder_column_1_3 1_3 fusion-flex-column table-1-white\" style=\"--awb-padding-top:20px;--awb-padding-right:20px;--awb-padding-bottom:20px;--awb-padding-left:20px;--awb-bg-color:rgba(216,216,216,0);--awb-bg-color-hover:rgba(216,216,216,0);--awb-bg-size:cover;--awb-width-large:33.3333333333%;--awb-margin-top-large:0px;--awb-spacing-right-large:4.32%;--awb-margin-bottom-large:0px;--awb-spacing-left-large:4.32%;--awb-width-medium:33.3333333333%;--awb-spacing-right-medium:4.32%;--awb-spacing-left-medium:4.32%;--awb-width-small:100%;--awb-spacing-right-small:1.92%;--awb-spacing-left-small:1.92%;\"><div class=\"fusion-column-wrapper fusion-flex-justify-content-flex-start fusion-content-layout-column\"><div class=\"fusion-separator fusion-full-width-sep\" style=\"align-self: center;margin-left: auto;margin-right: auto;margin-top:40px;margin-bottom:35px;width:100%;\"><div class=\"fusion-separator-border sep-double\" style=\"--awb-height:20px;--awb-amount:20px;--awb-sep-color:rgba(224,222,222,0);border-color:rgba(224,222,222,0);border-top-width:1px;border-bottom-width:1px;\"><\/div><\/div>\n<div class=\"table-1\">\n<table style=\"width: 100.509%;\" width=\"100%\">\n<tbody>\n<tr>\n<td align=\"left\"><strong>gek\u00f6rt in:<\/strong><\/td>\n<td align=\"left\">SH\/HH &#8211; Neum\u00fcnster, 2026<\/td>\n<\/tr>\n<tr>\n<td align=\"left\"><strong>anerkannt f\u00fcr:<\/strong><\/td>\n<td align=\"left\">Ponyverband Hannover<\/td>\n<\/tr>\n<tr>\n<td align=\"left\"><strong>zugelassen f\u00fcr:<\/strong><\/td>\n<td align=\"left\">Welsh, DR<\/td>\n<\/tr>\n<tr>\n<td><strong>Decktaxe:<\/strong><\/td>\n<td>450,- EUR 300,- EUR f\u00fcr Welsh<\/td>\n<\/tr>\n<tr>\n<td align=\"left\">&nbsp;<\/td>\n<td align=\"left\">&nbsp;<\/td>\n<\/tr>\n<tr>\n<td><strong>&nbsp;<\/strong><\/td>\n<td>&nbsp;<\/td>\n<\/tr>\n<tr>\n<td><strong>&nbsp;<\/strong><\/td>\n<td><strong>&nbsp;<\/strong><\/td>\n<\/tr>\n<tr>\n<td><strong>&nbsp;<\/strong><\/td>\n<td>&nbsp;<\/td>\n<\/tr>\n<tr>\n<td><strong>&nbsp;<\/strong><\/td>\n<td>\n<p>&nbsp;<\/p>\n<\/td>\n<\/tr>\n<tr>\n<td><strong>&nbsp;<\/strong><\/td>\n<td>\n<p>&nbsp;<\/p>\n<\/td>\n<\/tr>\n<\/tbody>\n<\/table>\n<\/div>\n<\/div><\/div><div class=\"fusion-layout-column fusion_builder_column fusion-builder-column-2 fusion_builder_column_1_3 1_3 fusion-flex-column\" style=\"--awb-bg-size:cover;--awb-width-large:33.3333333333%;--awb-margin-top-large:0px;--awb-spacing-right-large:5.76%;--awb-margin-bottom-large:0px;--awb-spacing-left-large:4.32%;--awb-width-medium:33.3333333333%;--awb-spacing-right-medium:5.76%;--awb-spacing-left-medium:4.32%;--awb-width-small:100%;--awb-spacing-right-small:1.92%;--awb-spacing-left-small:1.92%;\"><div class=\"fusion-column-wrapper fusion-flex-justify-content-flex-start fusion-content-layout-column\"><div class=\"fusion-image-element \" style=\"text-align:right;--awb-caption-title-font-family:var(--h2_typography-font-family);--awb-caption-title-font-weight:var(--h2_typography-font-weight);--awb-caption-title-font-style:var(--h2_typography-font-style);--awb-caption-title-size:var(--h2_typography-font-size);--awb-caption-title-transform:var(--h2_typography-text-transform);--awb-caption-title-line-height:var(--h2_typography-line-height);--awb-caption-title-letter-spacing:var(--h2_typography-letter-spacing);\"><span class=\" fusion-imageframe imageframe-none imageframe-1 hover-type-none\"><img decoding=\"async\" width=\"900\" height=\"1200\" title=\"Picasso-Portrait-2026_900x1200\" src=\"https:\/\/www.reitponystation.de\/cms\/wp-content\/uploads\/2026\/02\/Picasso-Portrait-2026_900x1200.jpg\" alt class=\"img-responsive wp-image-3288\" srcset=\"https:\/\/www.reitponystation.de\/cms\/wp-content\/uploads\/2026\/02\/Picasso-Portrait-2026_900x1200-200x267.jpg 200w, https:\/\/www.reitponystation.de\/cms\/wp-content\/uploads\/2026\/02\/Picasso-Portrait-2026_900x1200-400x533.jpg 400w, https:\/\/www.reitponystation.de\/cms\/wp-content\/uploads\/2026\/02\/Picasso-Portrait-2026_900x1200-600x800.jpg 600w, https:\/\/www.reitponystation.de\/cms\/wp-content\/uploads\/2026\/02\/Picasso-Portrait-2026_900x1200-800x1067.jpg 800w, https:\/\/www.reitponystation.de\/cms\/wp-content\/uploads\/2026\/02\/Picasso-Portrait-2026_900x1200.jpg 900w\" sizes=\"(max-width: 640px) 100vw, 600px\" \/><\/span><\/div><\/div><\/div><\/div><\/div><div class=\"fusion-fullwidth fullwidth-box fusion-builder-row-2 fusion-flex-container nonhundred-percent-fullwidth non-hundred-percent-height-scrolling\" style=\"--awb-border-radius-top-left:0px;--awb-border-radius-top-right:0px;--awb-border-radius-bottom-right:0px;--awb-border-radius-bottom-left:0px;--awb-margin-top:30px;--awb-flex-wrap:wrap;\" ><div class=\"fusion-builder-row fusion-row fusion-flex-align-items-flex-start fusion-flex-content-wrap\" style=\"max-width:1622.4px;margin-left: calc(-4% \/ 2 );margin-right: calc(-4% \/ 2 );\"><div class=\"fusion-layout-column fusion_builder_column fusion-builder-column-3 fusion_builder_column_1_1 1_1 fusion-flex-column\" style=\"--awb-bg-size:cover;--awb-width-large:100%;--awb-margin-top-large:0px;--awb-spacing-right-large:1.92%;--awb-margin-bottom-large:0px;--awb-spacing-left-large:1.92%;--awb-width-medium:100%;--awb-spacing-right-medium:1.92%;--awb-spacing-left-medium:1.92%;--awb-width-small:100%;--awb-spacing-right-small:1.92%;--awb-spacing-left-small:1.92%;\"><div class=\"fusion-column-wrapper fusion-flex-justify-content-flex-start fusion-content-layout-column\"><\/div><\/div><\/div><\/div><div class=\"fusion-fullwidth fullwidth-box fusion-builder-row-3 fusion-flex-container nonhundred-percent-fullwidth non-hundred-percent-height-scrolling\" style=\"--awb-border-radius-top-left:0px;--awb-border-radius-top-right:0px;--awb-border-radius-bottom-right:0px;--awb-border-radius-bottom-left:0px;--awb-margin-top:30px;--awb-flex-wrap:wrap;\" ><div class=\"fusion-builder-row fusion-row fusion-flex-align-items-flex-start fusion-flex-content-wrap\" style=\"max-width:1622.4px;margin-left: calc(-4% \/ 2 );margin-right: calc(-4% \/ 2 );\"><div class=\"fusion-layout-column fusion_builder_column fusion-builder-column-4 fusion_builder_column_1_2 1_2 fusion-flex-column\" style=\"--awb-bg-size:cover;--awb-width-large:50%;--awb-margin-top-large:0px;--awb-spacing-right-large:3.84%;--awb-margin-bottom-large:0px;--awb-spacing-left-large:3.84%;--awb-width-medium:50%;--awb-spacing-right-medium:3.84%;--awb-spacing-left-medium:3.84%;--awb-width-small:100%;--awb-spacing-right-small:1.92%;--awb-spacing-left-small:1.92%;\"><div class=\"fusion-column-wrapper fusion-flex-justify-content-flex-start fusion-content-layout-column\"><div class=\"fusion-title title fusion-title-2 fusion-title-text fusion-title-size-three\"><div class=\"title-sep-container title-sep-container-left fusion-no-large-visibility fusion-no-medium-visibility fusion-no-small-visibility\"><div class=\"title-sep sep-single sep-solid\" style=\"border-color:#e0dede;\"><\/div><\/div><span class=\"awb-title-spacer fusion-no-large-visibility fusion-no-medium-visibility fusion-no-small-visibility\"><\/span><h3 class=\"fusion-title-heading title-heading-left fusion-responsive-typography-calculated\" style=\"margin:0;--fontSize:26;line-height:1.62;\">Pedigree<\/h3><span class=\"awb-title-spacer\"><\/span><div class=\"title-sep-container title-sep-container-right\"><div class=\"title-sep sep-single sep-solid\" style=\"border-color:#e0dede;\"><\/div><\/div><\/div>\n<div class=\"table-1\">\n<table style=\"width: 100%; height: 226px;\" width=\"100%\">\n<tbody>\n<tr style=\"height: 24px;\">\n<td style=\"width: 34.0688%; height: 96px;\" rowspan=\"4\">\n<p class=\"p1\"><strong>Waxwing Perrin<br \/>\n<\/strong>Int. Siegerhengst Welsh<\/p>\n<\/td>\n<td style=\"width: 33.8923%; height: 48px;\" rowspan=\"2\">Eyarth Beau Geste<\/td>\n<td style=\"width: 31.2445%; height: 24px;\">Boston Bentick<\/td>\n<\/tr>\n<tr style=\"height: 24px;\">\n<td style=\"width: 31.2445%; height: 24px;\">Eyarth Zsa Zsa<\/td>\n<\/tr>\n<tr style=\"height: 24px;\">\n<td style=\"width: 33.8923%; height: 48px;\" rowspan=\"2\">Cwrtycadno Perlen<\/td>\n<td style=\"width: 31.2445%; height: 24px;\">Cwrtycadno Cymro<\/td>\n<\/tr>\n<tr style=\"height: 24px;\">\n<td style=\"width: 31.2445%; height: 24px;\">Thornberry Royal Gem<\/td>\n<\/tr>\n<tr style=\"height: 25px;\">\n<td style=\"width: 34.0688%; height: 130px;\" rowspan=\"4\">Rondo\u2019s California Girl<\/td>\n<td style=\"width: 33.8923%; height: 50px;\" rowspan=\"2\">\n<p class=\"p1\"><strong>Nilantshoeve\u2019s Zippo<\/strong><br \/>\nPreferent<\/p>\n<\/td>\n<td style=\"width: 31.2445%; height: 25px;\">Cadlanvalley Goldstar<\/td>\n<\/tr>\n<tr style=\"height: 25px;\">\n<td style=\"width: 31.2445%; height: 25px;\">Steehorst Freeway<\/td>\n<\/tr>\n<tr style=\"height: 56px;\">\n<td style=\"width: 33.8923%; height: 80px;\" rowspan=\"2\">Rondo\u2019s Celine<br \/>\nPreferent<\/td>\n<td style=\"width: 31.2445%; height: 56px;\">\n<p>Linde Hoeve\u2019s Optimist<\/p>\n<\/td>\n<\/tr>\n<tr style=\"height: 24px;\">\n<td style=\"width: 31.2445%; height: 24px;\">Rondo\u2019s Cerdice<\/td>\n<\/tr>\n<\/tbody>\n<\/table>\n<\/div>\n<\/div><\/div><div class=\"fusion-layout-column fusion_builder_column fusion-builder-column-5 fusion_builder_column_1_2 1_2 fusion-flex-column\" style=\"--awb-bg-size:cover;--awb-width-large:50%;--awb-margin-top-large:0px;--awb-spacing-right-large:3.84%;--awb-margin-bottom-large:0px;--awb-spacing-left-large:3.84%;--awb-width-medium:50%;--awb-spacing-right-medium:3.84%;--awb-spacing-left-medium:3.84%;--awb-width-small:100%;--awb-spacing-right-small:1.92%;--awb-spacing-left-small:1.92%;\"><div class=\"fusion-column-wrapper fusion-flex-justify-content-flex-start fusion-content-layout-column\"><div class=\"awb-gallery-wrapper awb-gallery-wrapper-1 button-span-no\" style=\"--more-btn-alignment:center;\"><div style=\"margin:-5px;--awb-bordersize:0px;\" class=\"fusion-gallery fusion-gallery-container fusion-grid-3 fusion-columns-total-1 fusion-gallery-layout-masonry fusion-gallery-1\"><div class=\"fusion-grid-column fusion-gallery-column fusion-gallery-column-3 hover-type-none fusion-grid-sizer\"><\/div><div style=\"padding:5px;\" class=\"fusion-grid-column fusion-gallery-column fusion-gallery-column-3 hover-type-none fusion-element-portrait\"><div class=\"fusion-gallery-image\"><a href=\"https:\/\/www.reitponystation.de\/cms\/wp-content\/uploads\/2026\/02\/Picasso-Portrait-2026_900x1200.jpg\" rel=\"noreferrer\" data-rel=\"iLightbox[gallery_image_1]\" class=\"fusion-lightbox\" target=\"_self\"><div style=\"background-image:url(https:\/\/www.reitponystation.de\/cms\/wp-content\/uploads\/2026\/02\/Picasso-Portrait-2026_900x1200.jpg);padding-top:calc((100% + 10px) * 1.6);background-position:17% 50%;\" class=\"fusion-masonry-element-container\"><img decoding=\"async\" src=\"https:\/\/www.reitponystation.de\/cms\/wp-content\/uploads\/2026\/02\/Picasso-Portrait-2026_900x1200.jpg\" width=\"900\" height=\"1200\" alt=\"\" title=\"Picasso-Portrait-2026_900x1200\" aria-label=\"Picasso-Portrait-2026_900x1200\" class=\"img-responsive wp-image-3288\" srcset=\"https:\/\/www.reitponystation.de\/cms\/wp-content\/uploads\/2026\/02\/Picasso-Portrait-2026_900x1200-200x267.jpg 200w, https:\/\/www.reitponystation.de\/cms\/wp-content\/uploads\/2026\/02\/Picasso-Portrait-2026_900x1200-400x533.jpg 400w, https:\/\/www.reitponystation.de\/cms\/wp-content\/uploads\/2026\/02\/Picasso-Portrait-2026_900x1200-600x800.jpg 600w, https:\/\/www.reitponystation.de\/cms\/wp-content\/uploads\/2026\/02\/Picasso-Portrait-2026_900x1200-800x1067.jpg 800w, https:\/\/www.reitponystation.de\/cms\/wp-content\/uploads\/2026\/02\/Picasso-Portrait-2026_900x1200.jpg 900w\" sizes=\"(min-width: 2200px) 100vw, (min-width: 824px) 517px, (min-width: 732px) 824px, (min-width: 640px) 732px, \" \/><\/div><\/a><\/div><\/div><\/div><\/div><\/div><\/div><\/div><\/div><div class=\"fusion-fullwidth fullwidth-box fusion-builder-row-4 fusion-flex-container nonhundred-percent-fullwidth non-hundred-percent-height-scrolling\" style=\"--awb-border-radius-top-left:0px;--awb-border-radius-top-right:0px;--awb-border-radius-bottom-right:0px;--awb-border-radius-bottom-left:0px;--awb-margin-top:30px;--awb-flex-wrap:wrap;\" ><div class=\"fusion-builder-row fusion-row fusion-flex-align-items-flex-start fusion-flex-content-wrap\" style=\"max-width:1622.4px;margin-left: calc(-4% \/ 2 );margin-right: calc(-4% \/ 2 );\"><div class=\"fusion-layout-column fusion_builder_column fusion-builder-column-6 fusion_builder_column_1_1 1_1 fusion-flex-column\" style=\"--awb-bg-size:cover;--awb-width-large:100%;--awb-margin-top-large:0px;--awb-spacing-right-large:1.92%;--awb-margin-bottom-large:0px;--awb-spacing-left-large:1.92%;--awb-width-medium:100%;--awb-spacing-right-medium:1.92%;--awb-spacing-left-medium:1.92%;--awb-width-small:100%;--awb-spacing-right-small:1.92%;--awb-spacing-left-small:1.92%;\"><div class=\"fusion-column-wrapper fusion-flex-justify-content-flex-start fusion-content-layout-column\"><div ><a class=\"fusion-button button-flat fusion-button-default-size button-default fusion-button-default button-1 fusion-button-default-span fusion-button-default-type\" style=\"width:calc(100%);\" target=\"_self\" href=\"http:\/\/www.reitponystation.de\/cms\/zucht\/hengste\/\"><i class=\" fa fa-spinner button-icon-left\" aria-hidden=\"true\"><\/i><span class=\"fusion-button-text\">\u00dcbersicht Hengste<\/span><\/a><\/div><\/div><\/div><\/div><\/div><\/p>\n","protected":false},"excerpt":{"rendered":"","protected":false},"author":2,"featured_media":0,"parent":98,"menu_order":0,"comment_status":"closed","ping_status":"closed","template":"","meta":{"_acf_changed":false,"_exactmetrics_skip_tracking":false,"_exactmetrics_sitenote_active":false,"_exactmetrics_sitenote_note":"","_exactmetrics_sitenote_category":0,"ngg_post_thumbnail":0,"footnotes":""},"acf":[],"_links":{"self":[{"href":"https:\/\/www.reitponystation.de\/cms\/wp-json\/wp\/v2\/pages\/3284"}],"collection":[{"href":"https:\/\/www.reitponystation.de\/cms\/wp-json\/wp\/v2\/pages"}],"about":[{"href":"https:\/\/www.reitponystation.de\/cms\/wp-json\/wp\/v2\/types\/page"}],"author":[{"embeddable":true,"href":"https:\/\/www.reitponystation.de\/cms\/wp-json\/wp\/v2\/users\/2"}],"replies":[{"embeddable":true,"href":"https:\/\/www.reitponystation.de\/cms\/wp-json\/wp\/v2\/comments?post=3284"}],"version-history":[{"count":6,"href":"https:\/\/www.reitponystation.de\/cms\/wp-json\/wp\/v2\/pages\/3284\/revisions"}],"predecessor-version":[{"id":3313,"href":"https:\/\/www.reitponystation.de\/cms\/wp-json\/wp\/v2\/pages\/3284\/revisions\/3313"}],"up":[{"embeddable":true,"href":"https:\/\/www.reitponystation.de\/cms\/wp-json\/wp\/v2\/pages\/98"}],"wp:attachment":[{"href":"https:\/\/www.reitponystation.de\/cms\/wp-json\/wp\/v2\/media?parent=3284"}],"curies":[{"name":"wp","href":"https:\/\/api.w.org\/{rel}","templated":true}]}}