{"id":2846,"date":"2021-03-01T13:27:04","date_gmt":"2021-03-01T11:27:04","guid":{"rendered":"https:\/\/www.reitponystation.de\/cms\/?page_id=2846"},"modified":"2026-04-13T11:50:44","modified_gmt":"2026-04-13T09:50:44","slug":"koekoekshof-danielle","status":"publish","type":"page","link":"https:\/\/www.reitponystation.de\/cms\/zucht\/hengste\/koekoekshof-danielle\/","title":{"rendered":"Koekoekshof Danielle"},"content":{"rendered":"<p><div class=\"fusion-fullwidth fullwidth-box fusion-builder-row-1 fusion-flex-container nonhundred-percent-fullwidth non-hundred-percent-height-scrolling\" style=\"--awb-border-radius-top-left:0px;--awb-border-radius-top-right:0px;--awb-border-radius-bottom-right:0px;--awb-border-radius-bottom-left:0px;--awb-background-color:#444444;--awb-flex-wrap:wrap;\" ><div class=\"fusion-builder-row fusion-row fusion-flex-align-items-flex-start fusion-flex-content-wrap\" style=\"max-width:1622.4px;margin-left: calc(-4% \/ 2 );margin-right: calc(-4% \/ 2 );\"><div class=\"fusion-layout-column fusion_builder_column fusion-builder-column-0 fusion_builder_column_1_3 1_3 fusion-flex-column fusion-text-white\" style=\"--awb-padding-top:20px;--awb-padding-right:20px;--awb-padding-bottom:20px;--awb-padding-left:20px;--awb-bg-color:rgba(216,216,216,0);--awb-bg-color-hover:rgba(216,216,216,0);--awb-bg-size:cover;--awb-width-large:33.3333333333%;--awb-margin-top-large:0px;--awb-spacing-right-large:4.32%;--awb-margin-bottom-large:0px;--awb-spacing-left-large:5.76%;--awb-width-medium:33.3333333333%;--awb-spacing-right-medium:4.32%;--awb-spacing-left-medium:5.76%;--awb-width-small:100%;--awb-spacing-right-small:1.92%;--awb-spacing-left-small:1.92%;\"><div class=\"fusion-column-wrapper fusion-flex-justify-content-flex-start fusion-content-layout-column\"><div class=\"fusion-title title fusion-title-1 fusion-title-text fusion-title-size-two\" style=\"--awb-margin-top:20px;\"><div class=\"title-sep-container title-sep-container-left fusion-no-large-visibility fusion-no-medium-visibility fusion-no-small-visibility\"><div class=\"title-sep sep-single sep-solid\" style=\"border-color:#e0dede;\"><\/div><\/div><span class=\"awb-title-spacer fusion-no-large-visibility fusion-no-medium-visibility fusion-no-small-visibility\"><\/span><h2 class=\"fusion-title-heading title-heading-left fusion-responsive-typography-calculated\" style=\"margin:0;--fontSize:35;line-height:1.29;\">Koekoekshof Danielle<\/h2><span class=\"awb-title-spacer\"><\/span><div class=\"title-sep-container title-sep-container-right\"><div class=\"title-sep sep-single sep-solid\" style=\"border-color:#e0dede;\"><\/div><\/div><\/div><div class=\"fusion-text fusion-text-1\"><p><strong>Welsh B \u00b7 Fuchsisabell \u00b7 1,37 m \u00b7 *2021<\/strong><\/p>\n<\/div><div class=\"fusion-text fusion-text-2\"><p><strong>Z\u00fcchter: <\/strong>W.L. Flier, Ijsselmuiden \/ NL<strong><br \/>\nBesitzer:<\/strong> N. B\u00fcscherhoff, Seeth-Ekholt<\/p>\n<\/div><div class=\"fusion-separator fusion-full-width-sep\" style=\"align-self: flex-start;margin-right:auto;margin-top:10px;margin-bottom:10px;width:100%;\"><div class=\"fusion-separator-border sep-single sep-solid\" style=\"--awb-height:20px;--awb-amount:20px;border-color:#e0dede;border-top-width:1px;\"><\/div><\/div><div class=\"fusion-text fusion-text-3\"><p>\u2022 Siegerhengst K\u00f6rung 2024 SH\/HH<br \/>\n\u2022 Pr\u00e4mienhengstanw\u00e4rter<br \/>\n&nbsp; &nbsp;Elitehengst in \u00d6sterreich<\/p>\n<\/div><\/div><\/div><div class=\"fusion-layout-column fusion_builder_column fusion-builder-column-1 fusion_builder_column_1_3 1_3 fusion-flex-column table-1-white\" style=\"--awb-padding-top:20px;--awb-padding-right:20px;--awb-padding-bottom:20px;--awb-padding-left:20px;--awb-bg-color:rgba(216,216,216,0);--awb-bg-color-hover:rgba(216,216,216,0);--awb-bg-size:cover;--awb-width-large:33.3333333333%;--awb-margin-top-large:0px;--awb-spacing-right-large:4.32%;--awb-margin-bottom-large:0px;--awb-spacing-left-large:4.32%;--awb-width-medium:33.3333333333%;--awb-spacing-right-medium:4.32%;--awb-spacing-left-medium:4.32%;--awb-width-small:100%;--awb-spacing-right-small:1.92%;--awb-spacing-left-small:1.92%;\"><div class=\"fusion-column-wrapper fusion-flex-justify-content-flex-start fusion-content-layout-column\"><div class=\"fusion-separator fusion-full-width-sep\" style=\"align-self: center;margin-left: auto;margin-right: auto;margin-top:40px;margin-bottom:35px;width:100%;\"><div class=\"fusion-separator-border sep-double\" style=\"--awb-height:20px;--awb-amount:20px;--awb-sep-color:rgba(224,222,222,0);border-color:rgba(224,222,222,0);border-top-width:1px;border-bottom-width:1px;\"><\/div><\/div>\n<div class=\"table-1\">\n<table style=\"width: 100.509%;\" width=\"100%\">\n<tbody>\n<tr>\n<td align=\"left\"><strong>gek\u00f6rt in:<\/strong><\/td>\n<td align=\"left\">SH\/HH, 2024<\/td>\n<\/tr>\n<tr>\n<td align=\"left\"><strong>anerkannt f\u00fcr:<\/strong><\/td>\n<td align=\"left\">Ponyverband Hannover<\/td>\n<\/tr>\n<tr>\n<td align=\"left\"><strong>zugelassen f\u00fcr:<\/strong><\/td>\n<td align=\"left\">Welsh, DR<\/td>\n<\/tr>\n<tr>\n<td><strong>Deckart:<\/strong><\/td>\n<td>Frischsamen Versand<\/td>\n<\/tr>\n<tr>\n<td align=\"left\"><strong>Standort:<\/strong><\/td>\n<td align=\"left\">Gest\u00fct Ekholt, Seeth-Ekholt<\/td>\n<\/tr>\n<tr>\n<td><strong>&nbsp;<\/strong><\/td>\n<td>&nbsp;<\/td>\n<\/tr>\n<tr>\n<td><strong>&nbsp;<\/strong><\/td>\n<td><strong>&nbsp;<\/strong><\/td>\n<\/tr>\n<tr>\n<td><strong>&nbsp;<\/strong><\/td>\n<td>&nbsp;<\/td>\n<\/tr>\n<tr>\n<td><strong>&nbsp;<\/strong><\/td>\n<td>\n<p>&nbsp;<\/p>\n<\/td>\n<\/tr>\n<tr>\n<td><strong>&nbsp;<\/strong><\/td>\n<td>\n<p>&nbsp;<\/p>\n<\/td>\n<\/tr>\n<\/tbody>\n<\/table>\n<\/div>\n<\/div><\/div><div class=\"fusion-layout-column fusion_builder_column fusion-builder-column-2 fusion_builder_column_1_3 1_3 fusion-flex-column\" style=\"--awb-bg-size:cover;--awb-width-large:33.3333333333%;--awb-margin-top-large:0px;--awb-spacing-right-large:5.76%;--awb-margin-bottom-large:0px;--awb-spacing-left-large:4.32%;--awb-width-medium:33.3333333333%;--awb-spacing-right-medium:5.76%;--awb-spacing-left-medium:4.32%;--awb-width-small:100%;--awb-spacing-right-small:1.92%;--awb-spacing-left-small:1.92%;\"><div class=\"fusion-column-wrapper fusion-flex-justify-content-flex-start fusion-content-layout-column\"><div class=\"fusion-image-element \" style=\"text-align:right;--awb-caption-title-font-family:var(--h2_typography-font-family);--awb-caption-title-font-weight:var(--h2_typography-font-weight);--awb-caption-title-font-style:var(--h2_typography-font-style);--awb-caption-title-size:var(--h2_typography-font-size);--awb-caption-title-transform:var(--h2_typography-text-transform);--awb-caption-title-line-height:var(--h2_typography-line-height);--awb-caption-title-letter-spacing:var(--h2_typography-letter-spacing);\"><span class=\" fusion-imageframe imageframe-none imageframe-1 hover-type-none\"><img decoding=\"async\" width=\"480\" height=\"640\" title=\"Kopfbild-4\" src=\"https:\/\/www.reitponystation.de\/cms\/wp-content\/uploads\/2024\/03\/Kopfbild-4-1-rotated.jpg\" alt class=\"img-responsive wp-image-3210\" srcset=\"https:\/\/www.reitponystation.de\/cms\/wp-content\/uploads\/2024\/03\/Kopfbild-4-1-200x267.jpg 200w, https:\/\/www.reitponystation.de\/cms\/wp-content\/uploads\/2024\/03\/Kopfbild-4-1-400x533.jpg 400w, https:\/\/www.reitponystation.de\/cms\/wp-content\/uploads\/2024\/03\/Kopfbild-4-1-rotated.jpg 480w\" sizes=\"(max-width: 640px) 100vw, 480px\" \/><\/span><\/div><\/div><\/div><\/div><\/div><div class=\"fusion-fullwidth fullwidth-box fusion-builder-row-2 fusion-flex-container nonhundred-percent-fullwidth non-hundred-percent-height-scrolling\" style=\"--awb-border-radius-top-left:0px;--awb-border-radius-top-right:0px;--awb-border-radius-bottom-right:0px;--awb-border-radius-bottom-left:0px;--awb-margin-top:30px;--awb-flex-wrap:wrap;\" ><div class=\"fusion-builder-row fusion-row fusion-flex-align-items-flex-start fusion-flex-content-wrap\" style=\"max-width:1622.4px;margin-left: calc(-4% \/ 2 );margin-right: calc(-4% \/ 2 );\"><div class=\"fusion-layout-column fusion_builder_column fusion-builder-column-3 fusion_builder_column_1_1 1_1 fusion-flex-column\" style=\"--awb-bg-size:cover;--awb-width-large:100%;--awb-margin-top-large:0px;--awb-spacing-right-large:1.92%;--awb-margin-bottom-large:0px;--awb-spacing-left-large:1.92%;--awb-width-medium:100%;--awb-spacing-right-medium:1.92%;--awb-spacing-left-medium:1.92%;--awb-width-small:100%;--awb-spacing-right-small:1.92%;--awb-spacing-left-small:1.92%;\"><div class=\"fusion-column-wrapper fusion-flex-justify-content-flex-start fusion-content-layout-column\"><div class=\"fusion-text fusion-text-4\"><p>Koekoekshof Danielle \u2013 Ein modern aufgemachter Hengst, sehr typvoll ausgestattet. Laut K\u00f6rkommission harmonisch im K\u00f6rperbau, sicher und gut aufgerichtet trabend, und enormem Sprungverm\u00f6gen, zeigte sich durchweg gelassen und charakterstark. Danielle ging als Siegerhengst seiner K\u00f6rung in SH\/HH hervor und erhielt zugleich den Titel \u201ePr\u00e4mienhengstanw\u00e4rter\u201c.<\/p>\n<p>\u201eDanielle\u201c ist ab 2024 im Frischsameneinsatz.<\/p>\n<\/div><\/div><\/div><\/div><\/div><div class=\"fusion-fullwidth fullwidth-box fusion-builder-row-3 fusion-flex-container nonhundred-percent-fullwidth non-hundred-percent-height-scrolling\" style=\"--awb-border-radius-top-left:0px;--awb-border-radius-top-right:0px;--awb-border-radius-bottom-right:0px;--awb-border-radius-bottom-left:0px;--awb-margin-top:30px;--awb-flex-wrap:wrap;\" ><div class=\"fusion-builder-row fusion-row fusion-flex-align-items-flex-start fusion-flex-content-wrap\" style=\"max-width:1622.4px;margin-left: calc(-4% \/ 2 );margin-right: calc(-4% \/ 2 );\"><div class=\"fusion-layout-column fusion_builder_column fusion-builder-column-4 fusion_builder_column_1_2 1_2 fusion-flex-column\" style=\"--awb-bg-size:cover;--awb-width-large:50%;--awb-margin-top-large:0px;--awb-spacing-right-large:3.84%;--awb-margin-bottom-large:0px;--awb-spacing-left-large:3.84%;--awb-width-medium:50%;--awb-spacing-right-medium:3.84%;--awb-spacing-left-medium:3.84%;--awb-width-small:100%;--awb-spacing-right-small:1.92%;--awb-spacing-left-small:1.92%;\"><div class=\"fusion-column-wrapper fusion-flex-justify-content-flex-start fusion-content-layout-column\"><div class=\"fusion-title title fusion-title-2 fusion-title-text fusion-title-size-three\"><div class=\"title-sep-container title-sep-container-left fusion-no-large-visibility fusion-no-medium-visibility fusion-no-small-visibility\"><div class=\"title-sep sep-single sep-solid\" style=\"border-color:#e0dede;\"><\/div><\/div><span class=\"awb-title-spacer fusion-no-large-visibility fusion-no-medium-visibility fusion-no-small-visibility\"><\/span><h3 class=\"fusion-title-heading title-heading-left fusion-responsive-typography-calculated\" style=\"margin:0;--fontSize:26;line-height:1.62;\">Pedigree<\/h3><span class=\"awb-title-spacer\"><\/span><div class=\"title-sep-container title-sep-container-right\"><div class=\"title-sep sep-single sep-solid\" style=\"border-color:#e0dede;\"><\/div><\/div><\/div>\n<div class=\"table-1\">\n<table style=\"width: 100%;\" width=\"100%\">\n<tbody>\n<tr>\n<td style=\"width: 34.0688%;\" rowspan=\"4\">\n<p class=\"p1\"><strong>JS Bastian<\/strong><\/p>\n<\/td>\n<td style=\"width: 33.8923%;\" rowspan=\"2\">Rondo\u2019s Burberry<\/td>\n<td style=\"width: 31.2445%;\">Boston Bonaparte<\/td>\n<\/tr>\n<tr>\n<td style=\"width: 31.2445%;\">Rondo\u2019s Blossom<\/td>\n<\/tr>\n<tr>\n<td style=\"width: 33.8923%;\" rowspan=\"2\">Springstar\u2019s Joelle<\/td>\n<td style=\"width: 31.2445%;\">Wolling\u2019s Dante<\/td>\n<\/tr>\n<tr>\n<td style=\"width: 31.2445%;\">Jessica<\/td>\n<\/tr>\n<tr>\n<td style=\"width: 34.0688%;\" rowspan=\"4\">Koekoekshof Willemijn<\/td>\n<td style=\"width: 33.8923%;\" rowspan=\"2\">\n<p class=\"p1\"><strong>Cadlanvalley Goldstar<\/strong><\/p>\n<\/td>\n<td style=\"width: 31.2445%;\">Boston Bonaparte<\/td>\n<\/tr>\n<tr>\n<td style=\"width: 31.2445%;\">Laithehill Chanille<\/td>\n<\/tr>\n<tr>\n<td style=\"width: 33.8923%;\" rowspan=\"2\">Mini Hoeve\u2019s Monique<\/td>\n<td style=\"width: 31.2445%;\">\n<p>Tet. Crimson Lake<\/p>\n<\/td>\n<\/tr>\n<tr>\n<td style=\"width: 31.2445%;\">Wildzang\u2019s Tett<\/td>\n<\/tr>\n<\/tbody>\n<\/table>\n<\/div>\n<\/div><\/div><div class=\"fusion-layout-column fusion_builder_column fusion-builder-column-5 fusion_builder_column_1_2 1_2 fusion-flex-column\" style=\"--awb-bg-size:cover;--awb-width-large:50%;--awb-margin-top-large:0px;--awb-spacing-right-large:3.84%;--awb-margin-bottom-large:0px;--awb-spacing-left-large:3.84%;--awb-width-medium:50%;--awb-spacing-right-medium:3.84%;--awb-spacing-left-medium:3.84%;--awb-width-small:100%;--awb-spacing-right-small:1.92%;--awb-spacing-left-small:1.92%;\"><div class=\"fusion-column-wrapper fusion-flex-justify-content-flex-start fusion-content-layout-column\"><div class=\"awb-gallery-wrapper awb-gallery-wrapper-1 button-span-no\" style=\"--more-btn-alignment:center;\"><div style=\"margin:-5px;--awb-bordersize:0px;\" class=\"fusion-gallery fusion-gallery-container fusion-grid-3 fusion-columns-total-6 fusion-gallery-layout-masonry fusion-gallery-1\"><div class=\"fusion-grid-column fusion-gallery-column fusion-gallery-column-3 hover-type-none fusion-grid-sizer\"><\/div><div style=\"padding:5px;\" class=\"fusion-grid-column fusion-gallery-column fusion-gallery-column-3 hover-type-none fusion-element-grid\"><div class=\"fusion-gallery-image\"><a href=\"https:\/\/www.reitponystation.de\/cms\/wp-content\/uploads\/2024\/02\/Am-Sprung.jpg\" rel=\"noreferrer\" data-rel=\"iLightbox[gallery_image_1]\" class=\"fusion-lightbox\" target=\"_self\"><div style=\"background-image:url(https:\/\/www.reitponystation.de\/cms\/wp-content\/uploads\/2024\/02\/Am-Sprung.jpg);padding-top:calc((100% + 10px) * 0.8 - 5px);background-position:;\" class=\"fusion-masonry-element-container\"><img decoding=\"async\" src=\"https:\/\/www.reitponystation.de\/cms\/wp-content\/uploads\/2024\/02\/Am-Sprung.jpg\" width=\"998\" height=\"758\" alt=\"\" title=\"Am Sprung\" aria-label=\"Am Sprung\" class=\"img-responsive wp-image-3117\" srcset=\"https:\/\/www.reitponystation.de\/cms\/wp-content\/uploads\/2024\/02\/Am-Sprung-200x152.jpg 200w, https:\/\/www.reitponystation.de\/cms\/wp-content\/uploads\/2024\/02\/Am-Sprung-400x304.jpg 400w, https:\/\/www.reitponystation.de\/cms\/wp-content\/uploads\/2024\/02\/Am-Sprung-600x456.jpg 600w, https:\/\/www.reitponystation.de\/cms\/wp-content\/uploads\/2024\/02\/Am-Sprung-800x608.jpg 800w, https:\/\/www.reitponystation.de\/cms\/wp-content\/uploads\/2024\/02\/Am-Sprung.jpg 998w\" sizes=\"(min-width: 2200px) 100vw, (min-width: 824px) 517px, (min-width: 732px) 824px, (min-width: 640px) 732px, \" \/><\/div><\/a><\/div><\/div><div style=\"padding:5px;\" class=\"fusion-grid-column fusion-gallery-column fusion-gallery-column-3 hover-type-none fusion-element-portrait\"><div class=\"fusion-gallery-image\"><a href=\"https:\/\/www.reitponystation.de\/cms\/wp-content\/uploads\/2024\/02\/mit-Schaerpe-draussen.jpg\" rel=\"noreferrer\" data-rel=\"iLightbox[gallery_image_1]\" class=\"fusion-lightbox\" target=\"_self\"><div style=\"background-image:url(https:\/\/www.reitponystation.de\/cms\/wp-content\/uploads\/2024\/02\/mit-Schaerpe-draussen.jpg);padding-top:calc((100% + 10px) * 1.6);background-position:;\" class=\"fusion-masonry-element-container\"><img decoding=\"async\" src=\"https:\/\/www.reitponystation.de\/cms\/wp-content\/uploads\/2024\/02\/mit-Schaerpe-draussen.jpg\" width=\"1169\" height=\"1600\" alt=\"\" title=\"mit Sch\u00e4rpe drau\u00dfen\" aria-label=\"mit Sch\u00e4rpe drau\u00dfen\" class=\"img-responsive wp-image-3118\" srcset=\"https:\/\/www.reitponystation.de\/cms\/wp-content\/uploads\/2024\/02\/mit-Schaerpe-draussen-200x274.jpg 200w, https:\/\/www.reitponystation.de\/cms\/wp-content\/uploads\/2024\/02\/mit-Schaerpe-draussen-400x547.jpg 400w, https:\/\/www.reitponystation.de\/cms\/wp-content\/uploads\/2024\/02\/mit-Schaerpe-draussen-600x821.jpg 600w, https:\/\/www.reitponystation.de\/cms\/wp-content\/uploads\/2024\/02\/mit-Schaerpe-draussen-800x1095.jpg 800w, https:\/\/www.reitponystation.de\/cms\/wp-content\/uploads\/2024\/02\/mit-Schaerpe-draussen.jpg 1169w\" sizes=\"(min-width: 2200px) 100vw, (min-width: 824px) 517px, (min-width: 732px) 824px, (min-width: 640px) 732px, \" \/><\/div><\/a><\/div><\/div><div style=\"padding:5px;\" class=\"fusion-grid-column fusion-gallery-column fusion-gallery-column-3 hover-type-none fusion-element-grid\"><div class=\"fusion-gallery-image\"><a href=\"https:\/\/www.reitponystation.de\/cms\/wp-content\/uploads\/2024\/02\/mit-Siegerschaerpe.jpg\" rel=\"noreferrer\" data-rel=\"iLightbox[gallery_image_1]\" class=\"fusion-lightbox\" target=\"_self\"><div style=\"background-image:url(https:\/\/www.reitponystation.de\/cms\/wp-content\/uploads\/2024\/02\/mit-Siegerschaerpe.jpg);padding-top:calc((100% + 10px) * 0.8 - 5px);background-position:;\" class=\"fusion-masonry-element-container\"><img decoding=\"async\" src=\"https:\/\/www.reitponystation.de\/cms\/wp-content\/uploads\/2024\/02\/mit-Siegerschaerpe.jpg\" width=\"1600\" height=\"1200\" alt=\"\" title=\"mit Siegersch\u00e4rpe\" aria-label=\"mit Siegersch\u00e4rpe\" class=\"img-responsive wp-image-3119\" srcset=\"https:\/\/www.reitponystation.de\/cms\/wp-content\/uploads\/2024\/02\/mit-Siegerschaerpe-200x150.jpg 200w, https:\/\/www.reitponystation.de\/cms\/wp-content\/uploads\/2024\/02\/mit-Siegerschaerpe-400x300.jpg 400w, https:\/\/www.reitponystation.de\/cms\/wp-content\/uploads\/2024\/02\/mit-Siegerschaerpe-600x450.jpg 600w, https:\/\/www.reitponystation.de\/cms\/wp-content\/uploads\/2024\/02\/mit-Siegerschaerpe-800x600.jpg 800w, https:\/\/www.reitponystation.de\/cms\/wp-content\/uploads\/2024\/02\/mit-Siegerschaerpe-1200x900.jpg 1200w, https:\/\/www.reitponystation.de\/cms\/wp-content\/uploads\/2024\/02\/mit-Siegerschaerpe.jpg 1600w\" sizes=\"(min-width: 2200px) 100vw, (min-width: 824px) 517px, (min-width: 732px) 824px, (min-width: 640px) 732px, \" \/><\/div><\/a><\/div><\/div><div style=\"padding:5px;\" class=\"fusion-grid-column fusion-gallery-column fusion-gallery-column-3 hover-type-none fusion-element-portrait\"><div class=\"fusion-gallery-image\"><a href=\"https:\/\/www.reitponystation.de\/cms\/wp-content\/uploads\/2024\/02\/Pflastermusterung.jpg\" rel=\"noreferrer\" data-rel=\"iLightbox[gallery_image_1]\" class=\"fusion-lightbox\" target=\"_self\"><div style=\"background-image:url(https:\/\/www.reitponystation.de\/cms\/wp-content\/uploads\/2024\/02\/Pflastermusterung.jpg);padding-top:calc((100% + 10px) * 1.6);background-position:17% 34%;\" class=\"fusion-masonry-element-container\"><img decoding=\"async\" src=\"https:\/\/www.reitponystation.de\/cms\/wp-content\/uploads\/2024\/02\/Pflastermusterung.jpg\" width=\"1192\" height=\"1598\" alt=\"\" title=\"Pflastermusterung\" aria-label=\"Pflastermusterung\" class=\"img-responsive wp-image-3182\" srcset=\"https:\/\/www.reitponystation.de\/cms\/wp-content\/uploads\/2024\/02\/Pflastermusterung-200x268.jpg 200w, https:\/\/www.reitponystation.de\/cms\/wp-content\/uploads\/2024\/02\/Pflastermusterung-400x536.jpg 400w, https:\/\/www.reitponystation.de\/cms\/wp-content\/uploads\/2024\/02\/Pflastermusterung-600x804.jpg 600w, https:\/\/www.reitponystation.de\/cms\/wp-content\/uploads\/2024\/02\/Pflastermusterung-800x1072.jpg 800w, https:\/\/www.reitponystation.de\/cms\/wp-content\/uploads\/2024\/02\/Pflastermusterung.jpg 1192w\" sizes=\"(min-width: 2200px) 100vw, (min-width: 824px) 517px, (min-width: 732px) 824px, (min-width: 640px) 732px, \" \/><\/div><\/a><\/div><\/div><div style=\"padding:5px;\" class=\"fusion-grid-column fusion-gallery-column fusion-gallery-column-3 hover-type-none fusion-element-landscape fusion-element-portrait\"><div class=\"fusion-gallery-image\"><a href=\"https:\/\/www.reitponystation.de\/cms\/wp-content\/uploads\/2024\/03\/Koekoekshof_Daniel_5B7A4874-scaled.jpg\" rel=\"noreferrer\" data-rel=\"iLightbox[gallery_image_1]\" class=\"fusion-lightbox\" target=\"_self\"><div style=\"background-image:url(https:\/\/www.reitponystation.de\/cms\/wp-content\/uploads\/2024\/03\/Koekoekshof_Daniel_5B7A4874-scaled.jpg);padding-top:calc((100% + 10px) * 0.8);background-position:41% 46%;\" class=\"fusion-masonry-element-container\"><img decoding=\"async\" src=\"https:\/\/www.reitponystation.de\/cms\/wp-content\/uploads\/2024\/03\/Koekoekshof_Daniel_5B7A4874-scaled.jpg\" width=\"2560\" height=\"1706\" alt=\"\" title=\"Koekoekshof_Daniel_5B7A4874\" aria-label=\"Koekoekshof_Daniel_5B7A4874\" class=\"img-responsive wp-image-3207\" srcset=\"https:\/\/www.reitponystation.de\/cms\/wp-content\/uploads\/2024\/03\/Koekoekshof_Daniel_5B7A4874-200x133.jpg 200w, https:\/\/www.reitponystation.de\/cms\/wp-content\/uploads\/2024\/03\/Koekoekshof_Daniel_5B7A4874-400x267.jpg 400w, https:\/\/www.reitponystation.de\/cms\/wp-content\/uploads\/2024\/03\/Koekoekshof_Daniel_5B7A4874-600x400.jpg 600w, https:\/\/www.reitponystation.de\/cms\/wp-content\/uploads\/2024\/03\/Koekoekshof_Daniel_5B7A4874-800x533.jpg 800w, https:\/\/www.reitponystation.de\/cms\/wp-content\/uploads\/2024\/03\/Koekoekshof_Daniel_5B7A4874-1200x800.jpg 1200w, https:\/\/www.reitponystation.de\/cms\/wp-content\/uploads\/2024\/03\/Koekoekshof_Daniel_5B7A4874-scaled.jpg 2560w\" sizes=\"(min-width: 2200px) 100vw, (min-width: 640px) 1560px, \" \/><\/div><\/a><\/div><\/div><div style=\"padding:5px;\" class=\"fusion-grid-column fusion-gallery-column fusion-gallery-column-3 hover-type-none fusion-element-portrait\"><div class=\"fusion-gallery-image\"><a href=\"https:\/\/www.reitponystation.de\/cms\/wp-content\/uploads\/2024\/03\/Koekoekshof_Daniel_5B7A3434-scaled.jpg\" rel=\"noreferrer\" data-rel=\"iLightbox[gallery_image_1]\" class=\"fusion-lightbox\" target=\"_self\"><div style=\"background-image:url(https:\/\/www.reitponystation.de\/cms\/wp-content\/uploads\/2024\/03\/Koekoekshof_Daniel_5B7A3434-scaled.jpg);padding-top:calc((100% + 10px) * 1.6);background-position:17% 34%;\" class=\"fusion-masonry-element-container\"><img decoding=\"async\" src=\"https:\/\/www.reitponystation.de\/cms\/wp-content\/uploads\/2024\/03\/Koekoekshof_Daniel_5B7A3434-scaled.jpg\" width=\"1707\" height=\"2560\" alt=\"\" title=\"Koekoekshof_Daniel_5B7A3434\" aria-label=\"Koekoekshof_Daniel_5B7A3434\" class=\"img-responsive wp-image-3208\" srcset=\"https:\/\/www.reitponystation.de\/cms\/wp-content\/uploads\/2024\/03\/Koekoekshof_Daniel_5B7A3434-200x300.jpg 200w, https:\/\/www.reitponystation.de\/cms\/wp-content\/uploads\/2024\/03\/Koekoekshof_Daniel_5B7A3434-400x600.jpg 400w, https:\/\/www.reitponystation.de\/cms\/wp-content\/uploads\/2024\/03\/Koekoekshof_Daniel_5B7A3434-600x900.jpg 600w, https:\/\/www.reitponystation.de\/cms\/wp-content\/uploads\/2024\/03\/Koekoekshof_Daniel_5B7A3434-800x1200.jpg 800w, https:\/\/www.reitponystation.de\/cms\/wp-content\/uploads\/2024\/03\/Koekoekshof_Daniel_5B7A3434-1200x1800.jpg 1200w, https:\/\/www.reitponystation.de\/cms\/wp-content\/uploads\/2024\/03\/Koekoekshof_Daniel_5B7A3434-scaled.jpg 1707w\" sizes=\"(min-width: 2200px) 100vw, (min-width: 824px) 517px, (min-width: 732px) 824px, (min-width: 640px) 732px, \" \/><\/div><\/a><\/div><\/div><\/div><\/div><\/div><\/div><\/div><\/div><div class=\"fusion-fullwidth fullwidth-box fusion-builder-row-4 fusion-flex-container nonhundred-percent-fullwidth non-hundred-percent-height-scrolling\" style=\"--awb-border-radius-top-left:0px;--awb-border-radius-top-right:0px;--awb-border-radius-bottom-right:0px;--awb-border-radius-bottom-left:0px;--awb-margin-top:30px;--awb-flex-wrap:wrap;\" ><div class=\"fusion-builder-row fusion-row fusion-flex-align-items-flex-start fusion-flex-content-wrap\" style=\"max-width:1622.4px;margin-left: calc(-4% \/ 2 );margin-right: calc(-4% \/ 2 );\"><div class=\"fusion-layout-column fusion_builder_column fusion-builder-column-6 fusion_builder_column_1_1 1_1 fusion-flex-column\" style=\"--awb-bg-size:cover;--awb-width-large:100%;--awb-margin-top-large:0px;--awb-spacing-right-large:1.92%;--awb-margin-bottom-large:0px;--awb-spacing-left-large:1.92%;--awb-width-medium:100%;--awb-spacing-right-medium:1.92%;--awb-spacing-left-medium:1.92%;--awb-width-small:100%;--awb-spacing-right-small:1.92%;--awb-spacing-left-small:1.92%;\"><div class=\"fusion-column-wrapper fusion-flex-justify-content-flex-start fusion-content-layout-column\"><div ><a class=\"fusion-button button-flat fusion-button-default-size button-default fusion-button-default button-1 fusion-button-default-span fusion-button-default-type\" style=\"width:calc(100%);\" target=\"_self\" href=\"http:\/\/www.reitponystation.de\/cms\/zucht\/hengste\/\"><i class=\" fa fa-spinner button-icon-left\" aria-hidden=\"true\"><\/i><span class=\"fusion-button-text\">\u00dcbersicht Hengste<\/span><\/a><\/div><\/div><\/div><\/div><\/div><\/p>\n","protected":false},"excerpt":{"rendered":"","protected":false},"author":1,"featured_media":0,"parent":98,"menu_order":0,"comment_status":"closed","ping_status":"closed","template":"","meta":{"_acf_changed":false,"_exactmetrics_skip_tracking":false,"_exactmetrics_sitenote_active":false,"_exactmetrics_sitenote_note":"","_exactmetrics_sitenote_category":0,"ngg_post_thumbnail":0,"footnotes":""},"acf":[],"_links":{"self":[{"href":"https:\/\/www.reitponystation.de\/cms\/wp-json\/wp\/v2\/pages\/2846"}],"collection":[{"href":"https:\/\/www.reitponystation.de\/cms\/wp-json\/wp\/v2\/pages"}],"about":[{"href":"https:\/\/www.reitponystation.de\/cms\/wp-json\/wp\/v2\/types\/page"}],"author":[{"embeddable":true,"href":"https:\/\/www.reitponystation.de\/cms\/wp-json\/wp\/v2\/users\/1"}],"replies":[{"embeddable":true,"href":"https:\/\/www.reitponystation.de\/cms\/wp-json\/wp\/v2\/comments?post=2846"}],"version-history":[{"count":15,"href":"https:\/\/www.reitponystation.de\/cms\/wp-json\/wp\/v2\/pages\/2846\/revisions"}],"predecessor-version":[{"id":3315,"href":"https:\/\/www.reitponystation.de\/cms\/wp-json\/wp\/v2\/pages\/2846\/revisions\/3315"}],"up":[{"embeddable":true,"href":"https:\/\/www.reitponystation.de\/cms\/wp-json\/wp\/v2\/pages\/98"}],"wp:attachment":[{"href":"https:\/\/www.reitponystation.de\/cms\/wp-json\/wp\/v2\/media?parent=2846"}],"curies":[{"name":"wp","href":"https:\/\/api.w.org\/{rel}","templated":true}]}}