{"id":2,"date":"2014-10-16T14:23:09","date_gmt":"2014-10-16T12:23:09","guid":{"rendered":"http:\/\/www.reitponystation.de\/cms\/?page_id=2"},"modified":"2024-02-29T17:07:41","modified_gmt":"2024-02-29T15:07:41","slug":"ueber-uns","status":"publish","type":"page","link":"https:\/\/www.reitponystation.de\/cms\/ueber-uns\/","title":{"rendered":"\u00dcber uns"},"content":{"rendered":"<p><div class=\"fusion-fullwidth fullwidth-box fusion-builder-row-1 fusion-flex-container nonhundred-percent-fullwidth non-hundred-percent-height-scrolling\" style=\"--awb-border-radius-top-left:0px;--awb-border-radius-top-right:0px;--awb-border-radius-bottom-right:0px;--awb-border-radius-bottom-left:0px;--awb-flex-wrap:wrap;\" ><div class=\"fusion-builder-row fusion-row fusion-flex-align-items-flex-start fusion-flex-content-wrap\" style=\"max-width:1622.4px;margin-left: calc(-4% \/ 2 );margin-right: calc(-4% \/ 2 );\"><div class=\"fusion-layout-column fusion_builder_column fusion-builder-column-0 fusion_builder_column_1_1 1_1 fusion-flex-column\" style=\"--awb-bg-size:cover;--awb-width-large:100%;--awb-margin-top-large:0px;--awb-spacing-right-large:1.92%;--awb-margin-bottom-large:0px;--awb-spacing-left-large:1.92%;--awb-width-medium:100%;--awb-spacing-right-medium:1.92%;--awb-spacing-left-medium:1.92%;--awb-width-small:100%;--awb-spacing-right-small:1.92%;--awb-spacing-left-small:1.92%;\"><div class=\"fusion-column-wrapper fusion-flex-justify-content-flex-start fusion-content-layout-column\"><div class=\"fusion-title title fusion-title-1 fusion-title-center fusion-title-text fusion-title-size-two\"><div class=\"title-sep-container title-sep-container-left\"><div class=\"title-sep sep-single sep-solid\" style=\"border-color:#e0dede;\"><\/div><\/div><span class=\"awb-title-spacer\"><\/span><h2 class=\"fusion-title-heading title-heading-center fusion-responsive-typography-calculated\" style=\"margin:0;--fontSize:35;line-height:1.29;\">\u00dcber uns<\/h2><span class=\"awb-title-spacer\"><\/span><div class=\"title-sep-container title-sep-container-right\"><div class=\"title-sep sep-single sep-solid\" style=\"border-color:#e0dede;\"><\/div><\/div><\/div><\/div><\/div><div class=\"fusion-layout-column fusion_builder_column fusion-builder-column-1 fusion_builder_column_1_2 1_2 fusion-flex-column\" style=\"--awb-bg-size:cover;--awb-width-large:50%;--awb-margin-top-large:0px;--awb-spacing-right-large:3.84%;--awb-margin-bottom-large:0px;--awb-spacing-left-large:3.84%;--awb-width-medium:50%;--awb-spacing-right-medium:3.84%;--awb-spacing-left-medium:3.84%;--awb-width-small:100%;--awb-spacing-right-small:1.92%;--awb-spacing-left-small:1.92%;\"><div class=\"fusion-column-wrapper fusion-flex-justify-content-flex-start fusion-content-layout-column\"><div class=\"fusion-image-element \" style=\"--awb-caption-title-font-family:var(--h2_typography-font-family);--awb-caption-title-font-weight:var(--h2_typography-font-weight);--awb-caption-title-font-style:var(--h2_typography-font-style);--awb-caption-title-size:var(--h2_typography-font-size);--awb-caption-title-transform:var(--h2_typography-text-transform);--awb-caption-title-line-height:var(--h2_typography-line-height);--awb-caption-title-letter-spacing:var(--h2_typography-letter-spacing);\"><span class=\" fusion-imageframe imageframe-none imageframe-1 hover-type-none\"><img decoding=\"async\" width=\"1024\" height=\"768\" title=\"2022_neu\" src=\"https:\/\/www.reitponystation.de\/cms\/wp-content\/uploads\/2024\/02\/2022_neu.jpg\" alt class=\"img-responsive wp-image-3131\" srcset=\"https:\/\/www.reitponystation.de\/cms\/wp-content\/uploads\/2024\/02\/2022_neu-200x150.jpg 200w, https:\/\/www.reitponystation.de\/cms\/wp-content\/uploads\/2024\/02\/2022_neu-400x300.jpg 400w, https:\/\/www.reitponystation.de\/cms\/wp-content\/uploads\/2024\/02\/2022_neu-600x450.jpg 600w, https:\/\/www.reitponystation.de\/cms\/wp-content\/uploads\/2024\/02\/2022_neu-800x600.jpg 800w, https:\/\/www.reitponystation.de\/cms\/wp-content\/uploads\/2024\/02\/2022_neu.jpg 1024w\" sizes=\"(max-width: 640px) 100vw, 1024px\" \/><\/span><\/div><\/div><\/div><div class=\"fusion-layout-column fusion_builder_column fusion-builder-column-2 fusion_builder_column_1_2 1_2 fusion-flex-column\" style=\"--awb-bg-size:cover;--awb-width-large:50%;--awb-margin-top-large:0px;--awb-spacing-right-large:3.84%;--awb-margin-bottom-large:0px;--awb-spacing-left-large:3.84%;--awb-width-medium:50%;--awb-spacing-right-medium:3.84%;--awb-spacing-left-medium:3.84%;--awb-width-small:100%;--awb-spacing-right-small:1.92%;--awb-spacing-left-small:1.92%;\"><div class=\"fusion-column-wrapper fusion-flex-justify-content-flex-start fusion-content-layout-column\"><div class=\"fusion-text fusion-text-1\"><p style=\"text-align: justify;\"><strong>Willkommen bei uns zu Hause im wundersch\u00f6nen Schleswig-Holstein.<\/strong><\/p>\n<p style=\"text-align: justify;\"><em>Unser Motto: &#8222;Wir f\u00f6rdern den Reitponysport in Norddeutschland!&#8220;<br \/>\n<\/em>Diesen Slogan haben wir uns f\u00fcr Sie zur Aufgabe gemacht.<\/p>\n<p style=\"text-align: justify;\">Gepr\u00e4gt durch beide Elternh\u00e4user, entstand&nbsp;unsere Reitponystation in Neuendeich, direkt am Deich der Pinnau, einem Zufluss der Elbe. Mittlerweile umgezogen auf das Gest\u00fct Ekholt in Seeth-Ekholt sind wir gl\u00fccklich angekommen und Pferd und Mensch f\u00fchlen sich hier&nbsp;sichtlich wohl.<\/p>\n<p style=\"text-align: justify;\">Unsere Stuten und Fohlen, die&nbsp;auf dem Gest\u00fct Ekholt&nbsp;auf fruchtbaren Marschweiden&nbsp; aufwachsen, sind Ponys im Endma\u00df von hervorragenden M\u00fcttern und V\u00e4tern,&nbsp;speziell f\u00fcr reitbegeisterte Kinder als&nbsp;auch f\u00fcr Erwachsene.<\/p>\n<p style=\"text-align: justify;\">Unsere Ponys &#8211; egal welchen Alters &#8211; werden bei uns anspruchsvoll aufgezogen bzw. gehalten und trainiert. Zur Ausbildung der Hengste steht uns&nbsp;unsere eigene Reithalle bei Wind und Wetter zur Verf\u00fcgung.<\/p>\n<\/div><\/div><\/div><\/div><\/div><div class=\"fusion-fullwidth fullwidth-box fusion-builder-row-2 fusion-flex-container nonhundred-percent-fullwidth non-hundred-percent-height-scrolling\" style=\"--awb-border-radius-top-left:0px;--awb-border-radius-top-right:0px;--awb-border-radius-bottom-right:0px;--awb-border-radius-bottom-left:0px;--awb-flex-wrap:wrap;\" ><div class=\"fusion-builder-row fusion-row fusion-flex-align-items-flex-start fusion-flex-content-wrap\" style=\"max-width:1622.4px;margin-left: calc(-4% \/ 2 );margin-right: calc(-4% \/ 2 );\"><div class=\"fusion-layout-column fusion_builder_column fusion-builder-column-3 fusion_builder_column_1_1 1_1 fusion-flex-column\" style=\"--awb-bg-size:cover;--awb-width-large:100%;--awb-margin-top-large:0px;--awb-spacing-right-large:1.92%;--awb-margin-bottom-large:0px;--awb-spacing-left-large:1.92%;--awb-width-medium:100%;--awb-spacing-right-medium:1.92%;--awb-spacing-left-medium:1.92%;--awb-width-small:100%;--awb-spacing-right-small:1.92%;--awb-spacing-left-small:1.92%;\"><div class=\"fusion-column-wrapper fusion-flex-justify-content-flex-start fusion-content-layout-column\"><div class=\"fusion-title title fusion-title-2 fusion-title-center fusion-title-text fusion-title-size-three\"><div class=\"title-sep-container title-sep-container-left\"><div class=\"title-sep sep-single sep-solid\" style=\"border-color:#e0dede;\"><\/div><\/div><span class=\"awb-title-spacer\"><\/span><h3 class=\"fusion-title-heading title-heading-center fusion-responsive-typography-calculated\" style=\"margin:0;--fontSize:26;line-height:1.62;\">Das Team<\/h3><span class=\"awb-title-spacer\"><\/span><div class=\"title-sep-container title-sep-container-right\"><div class=\"title-sep sep-single sep-solid\" style=\"border-color:#e0dede;\"><\/div><\/div><\/div><\/div><\/div><div class=\"fusion-layout-column fusion_builder_column fusion-builder-column-4 fusion_builder_column_1_2 1_2 fusion-flex-column\" style=\"--awb-bg-size:cover;--awb-width-large:50%;--awb-margin-top-large:0px;--awb-spacing-right-large:3.84%;--awb-margin-bottom-large:0px;--awb-spacing-left-large:3.84%;--awb-width-medium:50%;--awb-spacing-right-medium:3.84%;--awb-spacing-left-medium:3.84%;--awb-width-small:100%;--awb-spacing-right-small:1.92%;--awb-spacing-left-small:1.92%;\"><div class=\"fusion-column-wrapper fusion-flex-justify-content-flex-start fusion-content-layout-column\"><div class=\"fusion-text fusion-text-2\"><p style=\"text-align: justify;\">Norbert ist verantwortlich f\u00fcr die Ausbildung der heranwachsenden Hengste sowie die Auswahl der richtigen Zuchtlinien. Bettina ist die gute Seele und Organisatorin des Hauses und ist ebenfalls verantwortlich f\u00fcr die Ausbildung der Hengste.<\/p>\n<p style=\"text-align: justify;\">Unterst\u00fctzt werden wir dabei tatkr\u00e4ftig von unseren Freunden, die gleichzeitig unser Team bilden, auf das man sich jederzeit verlassen kann.<\/p>\n<p style=\"text-align: justify;\">Sind wir auf Reisen, k\u00fcmmert sich liebevoll unsere Tochter um die daheimgebliebenen Pferde (hier auf ihrem S-Pferd \u201eEmiliano\u201c)<\/p>\n<p style=\"text-align: justify;\">Emma, unsere Jack Russel Terrier H\u00fcndin,&nbsp;ist nun mittlerweile \u00fcber die \u201eRegenbogenbr\u00fccke\u201c gegangen, aber tief im Herzen immer noch bei uns.<\/p>\n<\/div><\/div><\/div><div class=\"fusion-layout-column fusion_builder_column fusion-builder-column-5 fusion_builder_column_1_2 1_2 fusion-flex-column\" style=\"--awb-bg-size:cover;--awb-width-large:50%;--awb-margin-top-large:0px;--awb-spacing-right-large:3.84%;--awb-margin-bottom-large:0px;--awb-spacing-left-large:3.84%;--awb-width-medium:50%;--awb-spacing-right-medium:3.84%;--awb-spacing-left-medium:3.84%;--awb-width-small:100%;--awb-spacing-right-small:1.92%;--awb-spacing-left-small:1.92%;\"><div class=\"fusion-column-wrapper fusion-flex-justify-content-flex-start fusion-content-layout-column\"><div class=\"awb-gallery-wrapper awb-gallery-wrapper-1 button-span-no\" style=\"--more-btn-alignment:center;\"><div style=\"margin:-5px;--awb-bordersize:0px;\" class=\"fusion-gallery fusion-gallery-container fusion-grid-3 fusion-columns-total-5 fusion-gallery-layout-masonry fusion-gallery-1\"><div class=\"fusion-grid-column fusion-gallery-column fusion-gallery-column-3 hover-type-none fusion-grid-sizer\"><\/div><div style=\"padding:5px;\" class=\"fusion-grid-column fusion-gallery-column fusion-gallery-column-3 hover-type-none fusion-element-grid\"><div class=\"fusion-gallery-image\"><a href=\"https:\/\/www.reitponystation.de\/cms\/wp-content\/uploads\/2024\/02\/Dressurpruefung-Vienna-mit-Emil.jpg\" rel=\"noreferrer\" data-rel=\"iLightbox[gallery_image_1]\" class=\"fusion-lightbox\" target=\"_self\"><div style=\"background-image:url(https:\/\/www.reitponystation.de\/cms\/wp-content\/uploads\/2024\/02\/Dressurpruefung-Vienna-mit-Emil.jpg);padding-top:calc((100% + 10px) * 0.8 - 5px);background-position:;\" class=\"fusion-masonry-element-container\"><img decoding=\"async\" src=\"https:\/\/www.reitponystation.de\/cms\/wp-content\/uploads\/2024\/02\/Dressurpruefung-Vienna-mit-Emil.jpg\" width=\"1600\" height=\"1067\" alt=\"\" title=\"Dressurpr\u00fcfung Vienna mit Emil\" aria-label=\"Dressurpr\u00fcfung Vienna mit Emil\" class=\"img-responsive wp-image-3129\" srcset=\"https:\/\/www.reitponystation.de\/cms\/wp-content\/uploads\/2024\/02\/Dressurpruefung-Vienna-mit-Emil-200x133.jpg 200w, https:\/\/www.reitponystation.de\/cms\/wp-content\/uploads\/2024\/02\/Dressurpruefung-Vienna-mit-Emil-400x267.jpg 400w, https:\/\/www.reitponystation.de\/cms\/wp-content\/uploads\/2024\/02\/Dressurpruefung-Vienna-mit-Emil-600x400.jpg 600w, https:\/\/www.reitponystation.de\/cms\/wp-content\/uploads\/2024\/02\/Dressurpruefung-Vienna-mit-Emil-800x534.jpg 800w, https:\/\/www.reitponystation.de\/cms\/wp-content\/uploads\/2024\/02\/Dressurpruefung-Vienna-mit-Emil-1200x800.jpg 1200w, https:\/\/www.reitponystation.de\/cms\/wp-content\/uploads\/2024\/02\/Dressurpruefung-Vienna-mit-Emil.jpg 1600w\" sizes=\"(min-width: 2200px) 100vw, (min-width: 824px) 517px, (min-width: 732px) 824px, (min-width: 640px) 732px, \" \/><\/div><\/a><\/div><\/div><div style=\"padding:5px;\" class=\"fusion-grid-column fusion-gallery-column fusion-gallery-column-3 hover-type-none fusion-element-grid\"><div class=\"fusion-gallery-image\"><a href=\"https:\/\/www.reitponystation.de\/cms\/wp-content\/uploads\/2024\/02\/Team-Gestuet-Ekholt-mit-Juergen-und-Ruth.jpg\" rel=\"noreferrer\" data-rel=\"iLightbox[gallery_image_1]\" class=\"fusion-lightbox\" target=\"_self\"><div style=\"background-image:url(https:\/\/www.reitponystation.de\/cms\/wp-content\/uploads\/2024\/02\/Team-Gestuet-Ekholt-mit-Juergen-und-Ruth.jpg);padding-top:calc((100% + 10px) * 0.8 - 5px);background-position:;\" class=\"fusion-masonry-element-container\"><img decoding=\"async\" src=\"https:\/\/www.reitponystation.de\/cms\/wp-content\/uploads\/2024\/02\/Team-Gestuet-Ekholt-mit-Juergen-und-Ruth.jpg\" width=\"1599\" height=\"1057\" alt=\"\" title=\"Team Gest\u00fct Ekholt mit J\u00fcrgen und Ruth\" aria-label=\"Team Gest\u00fct Ekholt mit J\u00fcrgen und Ruth\" class=\"img-responsive wp-image-3127\" srcset=\"https:\/\/www.reitponystation.de\/cms\/wp-content\/uploads\/2024\/02\/Team-Gestuet-Ekholt-mit-Juergen-und-Ruth-200x132.jpg 200w, https:\/\/www.reitponystation.de\/cms\/wp-content\/uploads\/2024\/02\/Team-Gestuet-Ekholt-mit-Juergen-und-Ruth-400x264.jpg 400w, https:\/\/www.reitponystation.de\/cms\/wp-content\/uploads\/2024\/02\/Team-Gestuet-Ekholt-mit-Juergen-und-Ruth-600x397.jpg 600w, https:\/\/www.reitponystation.de\/cms\/wp-content\/uploads\/2024\/02\/Team-Gestuet-Ekholt-mit-Juergen-und-Ruth-800x529.jpg 800w, https:\/\/www.reitponystation.de\/cms\/wp-content\/uploads\/2024\/02\/Team-Gestuet-Ekholt-mit-Juergen-und-Ruth-1200x793.jpg 1200w, https:\/\/www.reitponystation.de\/cms\/wp-content\/uploads\/2024\/02\/Team-Gestuet-Ekholt-mit-Juergen-und-Ruth.jpg 1599w\" sizes=\"(min-width: 2200px) 100vw, (min-width: 824px) 517px, (min-width: 732px) 824px, (min-width: 640px) 732px, \" \/><\/div><\/a><\/div><\/div><div style=\"padding:5px;\" class=\"fusion-grid-column fusion-gallery-column fusion-gallery-column-3 hover-type-none fusion-element-portrait\"><div class=\"fusion-gallery-image\"><a href=\"https:\/\/www.reitponystation.de\/cms\/wp-content\/uploads\/2014\/10\/emma.jpg\" rel=\"noreferrer\" data-rel=\"iLightbox[gallery_image_1]\" class=\"fusion-lightbox\" target=\"_self\"><div style=\"background-image:url(https:\/\/www.reitponystation.de\/cms\/wp-content\/uploads\/2014\/10\/emma.jpg);padding-top:calc((100% + 10px) * 1.6);background-position:16% 44%;\" class=\"fusion-masonry-element-container\"><img decoding=\"async\" src=\"https:\/\/www.reitponystation.de\/cms\/wp-content\/uploads\/2014\/10\/emma.jpg\" width=\"379\" height=\"620\" alt=\"\" title=\"emma\" aria-label=\"emma\" class=\"img-responsive wp-image-82\" srcset=\"https:\/\/www.reitponystation.de\/cms\/wp-content\/uploads\/2014\/10\/emma-200x327.jpg 200w, https:\/\/www.reitponystation.de\/cms\/wp-content\/uploads\/2014\/10\/emma.jpg 379w\" sizes=\"(min-width: 2200px) 100vw, (min-width: 824px) 517px, (min-width: 732px) 824px, (min-width: 640px) 732px, \" \/><\/div><\/a><\/div><\/div><div style=\"padding:5px;\" class=\"fusion-grid-column fusion-gallery-column fusion-gallery-column-3 hover-type-none fusion-element-grid\"><div class=\"fusion-gallery-image\"><a href=\"https:\/\/www.reitponystation.de\/cms\/wp-content\/uploads\/2024\/02\/Team-von-hinten.jpg\" rel=\"noreferrer\" data-rel=\"iLightbox[gallery_image_1]\" class=\"fusion-lightbox\" target=\"_self\"><div style=\"background-image:url(https:\/\/www.reitponystation.de\/cms\/wp-content\/uploads\/2024\/02\/Team-von-hinten.jpg);padding-top:calc((100% + 10px) * 0.8 - 5px);background-position:;\" class=\"fusion-masonry-element-container\"><img decoding=\"async\" src=\"https:\/\/www.reitponystation.de\/cms\/wp-content\/uploads\/2024\/02\/Team-von-hinten.jpg\" width=\"1599\" height=\"1066\" alt=\"\" title=\"Team von hinten\" aria-label=\"Team von hinten\" class=\"img-responsive wp-image-3132\" srcset=\"https:\/\/www.reitponystation.de\/cms\/wp-content\/uploads\/2024\/02\/Team-von-hinten-200x133.jpg 200w, https:\/\/www.reitponystation.de\/cms\/wp-content\/uploads\/2024\/02\/Team-von-hinten-400x267.jpg 400w, https:\/\/www.reitponystation.de\/cms\/wp-content\/uploads\/2024\/02\/Team-von-hinten-600x400.jpg 600w, https:\/\/www.reitponystation.de\/cms\/wp-content\/uploads\/2024\/02\/Team-von-hinten-800x533.jpg 800w, https:\/\/www.reitponystation.de\/cms\/wp-content\/uploads\/2024\/02\/Team-von-hinten-1200x800.jpg 1200w, https:\/\/www.reitponystation.de\/cms\/wp-content\/uploads\/2024\/02\/Team-von-hinten.jpg 1599w\" sizes=\"(min-width: 2200px) 100vw, (min-width: 824px) 517px, (min-width: 732px) 824px, (min-width: 640px) 732px, \" \/><\/div><\/a><\/div><\/div><div style=\"padding:5px;\" class=\"fusion-grid-column fusion-gallery-column fusion-gallery-column-3 hover-type-none fusion-element-grid\"><div class=\"fusion-gallery-image\"><a href=\"https:\/\/www.reitponystation.de\/cms\/wp-content\/uploads\/2024\/02\/Kenny-u.-Zippo-Kutsche.jpg\" rel=\"noreferrer\" data-rel=\"iLightbox[gallery_image_1]\" class=\"fusion-lightbox\" target=\"_self\"><div style=\"background-image:url(https:\/\/www.reitponystation.de\/cms\/wp-content\/uploads\/2024\/02\/Kenny-u.-Zippo-Kutsche.jpg);padding-top:calc((100% + 10px) * 0.8 - 5px);background-position:;\" class=\"fusion-masonry-element-container\"><img decoding=\"async\" src=\"https:\/\/www.reitponystation.de\/cms\/wp-content\/uploads\/2024\/02\/Kenny-u.-Zippo-Kutsche.jpg\" width=\"739\" height=\"582\" alt=\"\" title=\"Kenny u. Zippo Kutsche\" aria-label=\"Kenny u. Zippo Kutsche\" class=\"img-responsive wp-image-3196\" srcset=\"https:\/\/www.reitponystation.de\/cms\/wp-content\/uploads\/2024\/02\/Kenny-u.-Zippo-Kutsche-200x158.jpg 200w, https:\/\/www.reitponystation.de\/cms\/wp-content\/uploads\/2024\/02\/Kenny-u.-Zippo-Kutsche-400x315.jpg 400w, https:\/\/www.reitponystation.de\/cms\/wp-content\/uploads\/2024\/02\/Kenny-u.-Zippo-Kutsche-600x473.jpg 600w, https:\/\/www.reitponystation.de\/cms\/wp-content\/uploads\/2024\/02\/Kenny-u.-Zippo-Kutsche.jpg 739w\" sizes=\"(min-width: 2200px) 100vw, (min-width: 824px) 517px, (min-width: 732px) 824px, (min-width: 640px) 732px, \" \/><\/div><\/a><\/div><\/div><\/div><\/div><\/div><\/div><div class=\"fusion-layout-column fusion_builder_column fusion-builder-column-6 fusion_builder_column_1_1 1_1 fusion-flex-column\" style=\"--awb-bg-size:cover;--awb-width-large:100%;--awb-margin-top-large:0px;--awb-spacing-right-large:1.92%;--awb-margin-bottom-large:0px;--awb-spacing-left-large:1.92%;--awb-width-medium:100%;--awb-spacing-right-medium:1.92%;--awb-spacing-left-medium:1.92%;--awb-width-small:100%;--awb-spacing-right-small:1.92%;--awb-spacing-left-small:1.92%;\"><div class=\"fusion-column-wrapper fusion-flex-justify-content-flex-start fusion-content-layout-column\"><div class=\"fusion-separator\" style=\"align-self: center;margin-left: auto;margin-right: auto;margin-top:20px;margin-bottom:20px;width:100%;max-width:50%;\"><div class=\"fusion-separator-border sep-single sep-solid\" style=\"--awb-height:20px;--awb-amount:20px;border-color:#e0dede;border-top-width:1px;\"><\/div><\/div><div class=\"fusion-title title fusion-title-3 fusion-title-center fusion-title-text fusion-title-size-three\"><div class=\"title-sep-container title-sep-container-left\"><div class=\"title-sep sep-single sep-solid\" style=\"border-color:#e0dede;\"><\/div><\/div><span class=\"awb-title-spacer\"><\/span><h3 class=\"fusion-title-heading title-heading-center fusion-responsive-typography-calculated\" style=\"margin:0;--fontSize:26;line-height:1.62;\">Die Erfolge unserer Ponys im In- und Ausland machen deutlich, dass wir immer wieder&nbsp;gerne Ansprechpartner f\u00fcr Qualit\u00e4t und&nbsp;zufriedene Kunden sind.<\/h3><span class=\"awb-title-spacer\"><\/span><div class=\"title-sep-container title-sep-container-right\"><div class=\"title-sep sep-single sep-solid\" style=\"border-color:#e0dede;\"><\/div><\/div><\/div><\/div><\/div><\/div><\/div><\/p>\n","protected":false},"excerpt":{"rendered":"","protected":false},"author":1,"featured_media":0,"parent":0,"menu_order":0,"comment_status":"open","ping_status":"closed","template":"","meta":{"_acf_changed":false,"_exactmetrics_skip_tracking":false,"_exactmetrics_sitenote_active":false,"_exactmetrics_sitenote_note":"","_exactmetrics_sitenote_category":0,"ngg_post_thumbnail":0,"footnotes":""},"acf":[],"_links":{"self":[{"href":"https:\/\/www.reitponystation.de\/cms\/wp-json\/wp\/v2\/pages\/2"}],"collection":[{"href":"https:\/\/www.reitponystation.de\/cms\/wp-json\/wp\/v2\/pages"}],"about":[{"href":"https:\/\/www.reitponystation.de\/cms\/wp-json\/wp\/v2\/types\/page"}],"author":[{"embeddable":true,"href":"https:\/\/www.reitponystation.de\/cms\/wp-json\/wp\/v2\/users\/1"}],"replies":[{"embeddable":true,"href":"https:\/\/www.reitponystation.de\/cms\/wp-json\/wp\/v2\/comments?post=2"}],"version-history":[{"count":62,"href":"https:\/\/www.reitponystation.de\/cms\/wp-json\/wp\/v2\/pages\/2\/revisions"}],"predecessor-version":[{"id":3197,"href":"https:\/\/www.reitponystation.de\/cms\/wp-json\/wp\/v2\/pages\/2\/revisions\/3197"}],"wp:attachment":[{"href":"https:\/\/www.reitponystation.de\/cms\/wp-json\/wp\/v2\/media?parent=2"}],"curies":[{"name":"wp","href":"https:\/\/api.w.org\/{rel}","templated":true}]}}