{"id":1720,"date":"2015-06-01T11:51:59","date_gmt":"2015-06-01T11:51:59","guid":{"rendered":"https:\/\/avada.theme-fusion.com\/church\/?page_id=40"},"modified":"2022-01-04T15:47:37","modified_gmt":"2022-01-04T13:47:37","slug":"home","status":"publish","type":"page","link":"https:\/\/www.reitponystation.de\/cms\/","title":{"rendered":"Home"},"content":{"rendered":"<p><div class=\"fusion-fullwidth fullwidth-box fusion-builder-row-1 fusion-flex-container hundred-percent-fullwidth non-hundred-percent-height-scrolling\" style=\"--awb-background-position:left top;--awb-border-radius-top-left:0px;--awb-border-radius-top-right:0px;--awb-border-radius-bottom-right:0px;--awb-border-radius-bottom-left:0px;--awb-padding-right:0px;--awb-padding-left:0px;--awb-background-color:#ececec;--awb-border-sizes-top:0px;--awb-border-sizes-bottom:0px;--awb-flex-wrap:wrap;\" ><div class=\"fusion-builder-row fusion-row fusion-flex-align-items-flex-start fusion-flex-content-wrap\" style=\"width:calc( 100% + 0px ) !important;max-width:calc( 100% + 0px ) !important;margin-left: calc(-0px \/ 2 );margin-right: calc(-0px \/ 2 );\"><div class=\"fusion-layout-column fusion_builder_column fusion-builder-column-0 fusion_builder_column_1_1 1_1 fusion-flex-column fusion-flex-align-self-flex-start fusion-column-no-min-height\" style=\"--awb-bg-size:cover;--awb-width-large:100%;--awb-margin-top-large:0px;--awb-spacing-right-large:0px;--awb-margin-bottom-large:0px;--awb-spacing-left-large:0px;--awb-width-medium:100%;--awb-spacing-right-medium:0px;--awb-spacing-left-medium:0px;--awb-width-small:100%;--awb-spacing-right-small:0px;--awb-spacing-left-small:0px;\"><div class=\"fusion-column-wrapper fusion-flex-justify-content-flex-start fusion-content-layout-column\"><div ><a class=\"fusion-button button-flat button-xlarge button-default fusion-button-default button-1 fusion-button-default-span fusion-button-default-type customButton\" style=\"--button-border-radius-top-left:0px;--button-border-radius-top-right:0px;--button-border-radius-bottom-right:0px;--button-border-radius-bottom-left:0px;width:calc(100%);\" target=\"_self\" href=\"http:\/\/www.reitponystation.de\/cms\/zucht\/hengste\/\"><i class=\"fa-arrows-alt fas button-icon-left\" aria-hidden=\"true\"><\/i><span class=\"fusion-button-text\">Unsere Hengste<\/span><\/a><\/div><\/div><\/div><\/div><\/div><div class=\"fusion-fullwidth fullwidth-box fusion-builder-row-2 fusion-flex-container hundred-percent-fullwidth non-hundred-percent-height-scrolling\" style=\"--awb-background-position:left top;--awb-border-radius-top-left:0px;--awb-border-radius-top-right:0px;--awb-border-radius-bottom-right:0px;--awb-border-radius-bottom-left:0px;--awb-padding-top:0px;--awb-padding-right:0px;--awb-padding-bottom:0px;--awb-padding-left:0px;--awb-border-sizes-top:0px;--awb-border-sizes-bottom:0px;--awb-flex-wrap:wrap;\" ><div class=\"fusion-builder-row fusion-row fusion-flex-align-items-stretch fusion-flex-content-wrap\" style=\"width:calc( 100% + 0px ) !important;max-width:calc( 100% + 0px ) !important;margin-left: calc(-0px \/ 2 );margin-right: calc(-0px \/ 2 );\"><div class=\"fusion-layout-column fusion_builder_column fusion-builder-column-1 fusion_builder_column_1_2 1_2 fusion-flex-column\" style=\"--awb-padding-top:15%;--awb-padding-right:15%;--awb-padding-bottom:15%;--awb-padding-left:15%;--awb-bg-image:url(&#039;http:\/\/www.reitponystation.de\/cms\/wp-content\/uploads\/2015\/06\/Sommerweide_dark.jpg&#039;);--awb-bg-position:center center;--awb-bg-size:cover;--awb-width-large:50%;--awb-margin-top-large:0px;--awb-spacing-right-large:0px;--awb-margin-bottom-large:0px;--awb-spacing-left-large:0px;--awb-width-medium:50%;--awb-spacing-right-medium:0px;--awb-spacing-left-medium:0px;--awb-width-small:100%;--awb-spacing-right-small:0px;--awb-spacing-left-small:0px;\"><div class=\"fusion-column-wrapper fusion-flex-justify-content-center fusion-content-layout-column fusion-column-has-bg-image\" data-bg-url=\"http:\/\/www.reitponystation.de\/cms\/wp-content\/uploads\/2015\/06\/Sommerweide_dark.jpg\"><div class=\"fusion-text fusion-text-1\"><p><span style=\"color: #ffffff; font-size: 12; font-weight: 600; letter-spacing: 2px;\">UNSER GEST\u00dcT<\/span><\/p>\n<h2 style=\"text-align: left; font-size: 50px; margin-bottom: 25px;\"><span style=\"color: #ffffff;\">Ihr Portal f\u00fcr Freizeit- und Sportponys aus Norddeutschland<\/span><\/h2>\n<p><span style=\"color: #ffffff;\">Unser Gest\u00fct Ekholt liegt im Kreis Pinneberg im wundersch\u00f6nen Schleswig-Holstein, umgeben von fruchtbaren Marschweiden, die ideal f\u00fcr die Aufzucht von jungen Pferden und Ponys geeignet sind&#8230;<\/span> <span style=\"color: #ffffff; font-weight: 600; letter-spacing: 4px; font-size: 13px;\"><a style=\"color: #ffffff;\" href=\"http:\/\/www.reitponystation.de\/cms\/ueber-uns\/\">weiterlesen<\/a><\/span><\/p>\n<\/div><\/div><\/div><div class=\"fusion-layout-column fusion_builder_column fusion-builder-column-2 fusion_builder_column_1_2 1_2 fusion-flex-column\" style=\"--awb-padding-top:15%;--awb-padding-right:15%;--awb-padding-bottom:15%;--awb-padding-left:15%;--awb-bg-size:cover;--awb-width-large:50%;--awb-margin-top-large:0px;--awb-spacing-right-large:0px;--awb-margin-bottom-large:0px;--awb-spacing-left-large:0px;--awb-width-medium:50%;--awb-spacing-right-medium:0px;--awb-spacing-left-medium:0px;--awb-width-small:100%;--awb-spacing-right-small:0px;--awb-spacing-left-small:0px;\"><div class=\"fusion-column-wrapper fusion-flex-justify-content-center fusion-content-layout-column\"><div class=\"fusion-text fusion-text-2\"><h2 style=\"text-align: left;\">Aktuelles<\/h2>\n<\/div><div class=\"fusion-recent-posts fusion-recent-posts-1 avada-container layout-date-on-side layout-columns-1\"><section class=\"fusion-columns columns fusion-columns-1 columns-1\"><article class=\"post fusion-column column col col-lg-12 col-md-12 col-sm-12\"><div class=\"fusion-date-and-formats\"><div class=\"fusion-date-box updated\"><span class=\"fusion-date\">12<\/span><span class=\"fusion-month-year\">02, 2026<\/span><\/div><div class=\"fusion-format-box\"><i class=\"awb-icon-pen\" aria-hidden=\"true\"><\/i><\/div><\/div><div class=\"recent-posts-content\"><span class=\"vcard\" style=\"display: none;\"><span class=\"fn\"><a href=\"https:\/\/www.reitponystation.de\/cms\/author\/bettina\/\" title=\"Beitr\u00e4ge von Bettina B\u00fcscherhoff\" rel=\"author\">Bettina B\u00fcscherhoff<\/a><\/span><\/span><span class=\"updated\" style=\"display:none;\">2026-02-12T20:48:42+02:00<\/span><h4 class=\"entry-title\"><a href=\"https:\/\/www.reitponystation.de\/cms\/zwei-koerungssieger-auf-einen-blick\/\">Zwei K\u00f6rungssieger auf einen Blick!<\/a><\/h4><p> \u201eEkholt\u2019s Picasso\u201c (Pferdestammbuch SH\/HH), Welsh B, von Waxwing Perrin<a href=\"https:\/\/www.reitponystation.de\/cms\/zwei-koerungssieger-auf-einen-blick\/\"> [...]<\/a><\/p><\/div><\/article><article class=\"post fusion-column column col col-lg-12 col-md-12 col-sm-12\"><div class=\"fusion-date-and-formats\"><div class=\"fusion-date-box updated\"><span class=\"fusion-date\">15<\/span><span class=\"fusion-month-year\">10, 2025<\/span><\/div><div class=\"fusion-format-box\"><i class=\"awb-icon-pen\" aria-hidden=\"true\"><\/i><\/div><\/div><div class=\"recent-posts-content\"><span class=\"vcard\" style=\"display: none;\"><span class=\"fn\"><a href=\"https:\/\/www.reitponystation.de\/cms\/author\/bettina\/\" title=\"Beitr\u00e4ge von Bettina B\u00fcscherhoff\" rel=\"author\">Bettina B\u00fcscherhoff<\/a><\/span><\/span><span class=\"updated\" style=\"display:none;\">2025-10-15T16:53:23+02:00<\/span><h4 class=\"entry-title\"><a href=\"https:\/\/www.reitponystation.de\/cms\/decksaison-2026\/\">Decksaison 2026<\/a><\/h4><p> ACHTUNG - Gut zu wissen! Aufgrund der sportlichen Laufbahn<a href=\"https:\/\/www.reitponystation.de\/cms\/decksaison-2026\/\"> [...]<\/a><\/p><\/div><\/article><article class=\"post fusion-column column col col-lg-12 col-md-12 col-sm-12\"><div class=\"fusion-date-and-formats\"><div class=\"fusion-date-box updated\"><span class=\"fusion-date\">22<\/span><span class=\"fusion-month-year\">10, 2024<\/span><\/div><div class=\"fusion-format-box\"><i class=\"awb-icon-pen\" aria-hidden=\"true\"><\/i><\/div><\/div><div class=\"recent-posts-content\"><span class=\"vcard\" style=\"display: none;\"><span class=\"fn\"><a href=\"https:\/\/www.reitponystation.de\/cms\/author\/bettina\/\" title=\"Beitr\u00e4ge von Bettina B\u00fcscherhoff\" rel=\"author\">Bettina B\u00fcscherhoff<\/a><\/span><\/span><span class=\"updated\" style=\"display:none;\">2024-10-22T13:16:33+02:00<\/span><h4 class=\"entry-title\"><a href=\"https:\/\/www.reitponystation.de\/cms\/zuchtrichterpruefung-2024\/\">Zuchtrichterpr\u00fcfung 2024<\/a><\/h4><p> Am 19.\/20.10.2024 fand in Futterkamp die Zuchtrichterpr\u00fcfung des Pferdestammbuch<a href=\"https:\/\/www.reitponystation.de\/cms\/zuchtrichterpruefung-2024\/\"> [...]<\/a><\/p><\/div><\/article><article class=\"post fusion-column column col col-lg-12 col-md-12 col-sm-12\"><div class=\"fusion-date-and-formats\"><div class=\"fusion-date-box updated\"><span class=\"fusion-date\">9<\/span><span class=\"fusion-month-year\">09, 2024<\/span><\/div><div class=\"fusion-format-box\"><i class=\"awb-icon-pen\" aria-hidden=\"true\"><\/i><\/div><\/div><div class=\"recent-posts-content\"><span class=\"vcard\" style=\"display: none;\"><span class=\"fn\"><a href=\"https:\/\/www.reitponystation.de\/cms\/author\/bettina\/\" title=\"Beitr\u00e4ge von Bettina B\u00fcscherhoff\" rel=\"author\">Bettina B\u00fcscherhoff<\/a><\/span><\/span><span class=\"updated\" style=\"display:none;\">2024-12-19T13:32:23+02:00<\/span><h4 class=\"entry-title\"><a href=\"https:\/\/www.reitponystation.de\/cms\/ig-welsh-schau-sh-hh-2024\/\">IG Welsh Schau SH\/HH 2024<\/a><\/h4><p> Die Reise hat sich gelohnt! In toller Atmosph\u00e4re auf<a href=\"https:\/\/www.reitponystation.de\/cms\/ig-welsh-schau-sh-hh-2024\/\"> [...]<\/a><\/p><\/div><\/article><article class=\"post fusion-column column col col-lg-12 col-md-12 col-sm-12\"><div class=\"fusion-date-and-formats\"><div class=\"fusion-date-box updated\"><span class=\"fusion-date\">6<\/span><span class=\"fusion-month-year\">06, 2024<\/span><\/div><div class=\"fusion-format-box\"><i class=\"awb-icon-pen\" aria-hidden=\"true\"><\/i><\/div><\/div><div class=\"recent-posts-content\"><span class=\"vcard\" style=\"display: none;\"><span class=\"fn\"><a href=\"https:\/\/www.reitponystation.de\/cms\/author\/bettina\/\" title=\"Beitr\u00e4ge von Bettina B\u00fcscherhoff\" rel=\"author\">Bettina B\u00fcscherhoff<\/a><\/span><\/span><span class=\"updated\" style=\"display:none;\">2024-06-10T10:52:19+02:00<\/span><h4 class=\"entry-title\"><a href=\"https:\/\/www.reitponystation.de\/cms\/decksaison-2024\/\">Decksaison 2024<\/a><\/h4><p> Liebe Z\u00fcchter und Stutenbesitzer, bitte denken Sie daran, dass<a href=\"https:\/\/www.reitponystation.de\/cms\/decksaison-2024\/\"> [...]<\/a><\/p><\/div><\/article><\/section><\/div><div class=\"fusion-separator fusion-full-width-sep\" style=\"align-self: center;margin-left: auto;margin-right: auto;margin-top:-20px;margin-bottom:8px;width:100%;\"><div class=\"fusion-separator-border sep-single sep-solid\" style=\"--awb-height:20px;--awb-amount:20px;--awb-sep-color:#cccccc;border-color:#cccccc;border-top-width:1px;\"><\/div><\/div><div class=\"fusion-text fusion-text-3\"><p><a style=\"letter-spacing: 2px; font-size: 13px; font-weight: 600;\" href=\"http:\/\/www.reitponystation.de\/cms\/news\/\">ALLE NEWS<\/a><\/p>\n<\/div><div class=\"fusion-separator fusion-full-width-sep\" style=\"align-self: center;margin-left: auto;margin-right: auto;margin-top:-9px;margin-bottom:0px;width:100%;\"><div class=\"fusion-separator-border sep-single sep-solid\" style=\"--awb-height:20px;--awb-amount:20px;--awb-sep-color:#cccccc;border-color:#cccccc;border-top-width:1px;\"><\/div><\/div><\/div><\/div><\/div><\/div><div class=\"fusion-fullwidth fullwidth-box fusion-builder-row-3 fusion-flex-container nonhundred-percent-fullwidth non-hundred-percent-height-scrolling\" style=\"--awb-background-position:left top;--awb-border-radius-top-left:0px;--awb-border-radius-top-right:0px;--awb-border-radius-bottom-right:0px;--awb-border-radius-bottom-left:0px;--awb-padding-top:90px;--awb-padding-right:15%;--awb-padding-bottom:90px;--awb-padding-left:15%;--awb-border-sizes-top:0px;--awb-border-sizes-bottom:0px;--awb-flex-wrap:wrap;\" ><div class=\"fusion-builder-row fusion-row fusion-flex-align-items-flex-start fusion-flex-content-wrap\" style=\"max-width:calc( 1560px + 0px );margin-left: calc(-0px \/ 2 );margin-right: calc(-0px \/ 2 );\"><div class=\"fusion-layout-column fusion_builder_column fusion-builder-column-3 fusion_builder_column_1_1 1_1 fusion-flex-column fusion-flex-align-self-flex-start fusion-column-no-min-height\" style=\"--awb-bg-size:cover;--awb-width-large:100%;--awb-margin-top-large:0px;--awb-spacing-right-large:0px;--awb-margin-bottom-large:0px;--awb-spacing-left-large:0px;--awb-width-medium:100%;--awb-spacing-right-medium:0px;--awb-spacing-left-medium:0px;--awb-width-small:100%;--awb-spacing-right-small:0px;--awb-spacing-left-small:0px;\"><div class=\"fusion-column-wrapper fusion-flex-justify-content-flex-start fusion-content-layout-column\"><div class=\"fusion-text fusion-text-4\"><h2 style=\"text-align: center;\">Das Gl\u00fcck der Erde liegt auf den Ponys aus unserer Herde<\/h2>\n<p style=\"text-align: center;\"><span style=\"font-size: 14pt;\">Die von uns mit Sorgfalt und Liebe aufgezogenen Ponys sind f\u00fcr jedes Kind zu haben. <\/span><br \/>\n<span style=\"font-size: 14pt;\"> Unser Motto: Aus eigener Zucht das passende Sport- und Zuchtpony f\u00fcr Jedermann! Die Erfolge der letzten Jahre zeigen uns, dass wir auf dem richtigen Weg sind.<\/span><\/p>\n<p style=\"text-align: center;\"><span style=\"font-size: 14pt;\">Sonderw\u00fcnsche sind f\u00fcr uns normal, sprechen Sie uns an.<\/span><\/p>\n<\/div><\/div><\/div><\/div><\/div><div class=\"fusion-fullwidth fullwidth-box fusion-builder-row-4 fusion-flex-container fusion-parallax-none nonhundred-percent-fullwidth non-hundred-percent-height-scrolling\" style=\"--awb-border-radius-top-left:0px;--awb-border-radius-top-right:0px;--awb-border-radius-bottom-right:0px;--awb-border-radius-bottom-left:0px;--awb-padding-top:170px;--awb-padding-right:15%;--awb-padding-bottom:170px;--awb-padding-left:15%;--awb-background-image:url(&quot;https:\/\/www.reitponystation.de\/cms\/wp-content\/uploads\/2022\/01\/Slider_Welsh-Hengste.jpg&quot;);--awb-background-size:cover;--awb-border-sizes-top:0px;--awb-border-sizes-bottom:0px;--awb-flex-wrap:wrap;\" ><div class=\"fusion-builder-row fusion-row fusion-flex-align-items-flex-start fusion-flex-content-wrap\" style=\"max-width:calc( 1560px + 0px );margin-left: calc(-0px \/ 2 );margin-right: calc(-0px \/ 2 );\"><div class=\"fusion-layout-column fusion_builder_column fusion-builder-column-4 fusion_builder_column_1_1 1_1 fusion-flex-column fusion-flex-align-self-flex-start fusion-column-no-min-height\" style=\"--awb-bg-size:cover;--awb-width-large:100%;--awb-margin-top-large:0px;--awb-spacing-right-large:0px;--awb-margin-bottom-large:0px;--awb-spacing-left-large:0px;--awb-width-medium:100%;--awb-spacing-right-medium:0px;--awb-spacing-left-medium:0px;--awb-width-small:100%;--awb-spacing-right-small:0px;--awb-spacing-left-small:0px;\"><div class=\"fusion-column-wrapper fusion-flex-justify-content-flex-start fusion-content-layout-column\"><div class=\"fusion-testimonials clean awb-speech-bubble-show fusion-testimonials-1\" style=\"--awb-textcolor:#ffffff;--awb-backgroundcolor:rgba(255,255,255,0);--awb-testimonial-border-style:solid;--awb-testimonial-border-color:var(--awb-color3);--awb-border-top-left-radius:0px;--awb-border-top-right-radius:0px;--awb-border-bottom-left-radius:0px;--awb-border-bottom-right-radius:0px;--testimonial-border-width-top:0px;--testimonial-border-width-right:0px;--testimonial-border-width-bottom:0px;--testimonial-border-width-left:0px;\" data-random=\"0\" data-speed=\"10000\"><div class=\"reviews\"><div class=\"review active-testimonial avatar-above no-avatar\"><blockquote class=\"testimonials-shortcode-blockquote\"><div class=\"awb-quote\"><div class=\"awb-quote-content\">\n<h3 style=\"color: #fff;\">Das vom Z\u00fcchter zu erstrebende Ideal ist, ein Pferd zu schaffen von vollkommener Gesundheit und Harmonie zwischen Interieur und Exterieur, dass alle Kr\u00e4fte frei bleiben f\u00fcr Wollen und Wirken im Dienste des Menschen.<\/h3>\n<\/div><\/div><\/blockquote><div class=\"author\"><span class=\"company-name\"><strong>Waldemar Seunig, 1943<\/strong><\/span><\/div><\/div><\/div><div class=\"testimonial-pagination\" id=\"fusion-testimonials-1\"><\/div><\/div><\/div><\/div><\/div><\/div><\/p>\n","protected":false},"excerpt":{"rendered":"","protected":false},"author":1,"featured_media":0,"parent":0,"menu_order":0,"comment_status":"closed","ping_status":"open","template":"100-width.php","meta":{"_acf_changed":false,"_exactmetrics_skip_tracking":false,"_exactmetrics_sitenote_active":false,"_exactmetrics_sitenote_note":"","_exactmetrics_sitenote_category":0,"ngg_post_thumbnail":0,"footnotes":""},"acf":[],"_links":{"self":[{"href":"https:\/\/www.reitponystation.de\/cms\/wp-json\/wp\/v2\/pages\/1720"}],"collection":[{"href":"https:\/\/www.reitponystation.de\/cms\/wp-json\/wp\/v2\/pages"}],"about":[{"href":"https:\/\/www.reitponystation.de\/cms\/wp-json\/wp\/v2\/types\/page"}],"author":[{"embeddable":true,"href":"https:\/\/www.reitponystation.de\/cms\/wp-json\/wp\/v2\/users\/1"}],"replies":[{"embeddable":true,"href":"https:\/\/www.reitponystation.de\/cms\/wp-json\/wp\/v2\/comments?post=1720"}],"version-history":[{"count":32,"href":"https:\/\/www.reitponystation.de\/cms\/wp-json\/wp\/v2\/pages\/1720\/revisions"}],"predecessor-version":[{"id":2940,"href":"https:\/\/www.reitponystation.de\/cms\/wp-json\/wp\/v2\/pages\/1720\/revisions\/2940"}],"wp:attachment":[{"href":"https:\/\/www.reitponystation.de\/cms\/wp-json\/wp\/v2\/media?parent=1720"}],"curies":[{"name":"wp","href":"https:\/\/api.w.org\/{rel}","templated":true}]}}