{"id":109,"date":"2014-10-17T12:47:59","date_gmt":"2014-10-17T10:47:59","guid":{"rendered":"http:\/\/www.reitponystation.de\/cms\/?page_id=109"},"modified":"2018-02-21T18:24:58","modified_gmt":"2018-02-21T16:24:58","slug":"zucht","status":"publish","type":"page","link":"https:\/\/www.reitponystation.de\/cms\/zucht\/","title":{"rendered":"Zucht"},"content":{"rendered":"<div class=\"fusion-fullwidth fullwidth-box fusion-builder-row-1 fusion-flex-container nonhundred-percent-fullwidth non-hundred-percent-height-scrolling\" style=\"--awb-border-radius-top-left:0px;--awb-border-radius-top-right:0px;--awb-border-radius-bottom-right:0px;--awb-border-radius-bottom-left:0px;--awb-flex-wrap:wrap;\" ><div class=\"fusion-builder-row fusion-row fusion-flex-align-items-flex-start fusion-flex-content-wrap\" style=\"max-width:calc( 1560px + 0px );margin-left: calc(-0px \/ 2 );margin-right: calc(-0px \/ 2 );\"><div class=\"fusion-layout-column fusion_builder_column fusion-builder-column-0 fusion_builder_column_1_1 1_1 fusion-flex-column\" style=\"--awb-bg-size:cover;--awb-width-large:100%;--awb-margin-top-large:0px;--awb-spacing-right-large:0px;--awb-margin-bottom-large:0px;--awb-spacing-left-large:0px;--awb-width-medium:100%;--awb-spacing-right-medium:0px;--awb-spacing-left-medium:0px;--awb-width-small:100%;--awb-spacing-right-small:0px;--awb-spacing-left-small:0px;\"><div class=\"fusion-column-wrapper fusion-flex-justify-content-flex-start fusion-content-layout-column\"><div class=\"fusion-title title fusion-title-1 fusion-title-center fusion-title-text fusion-title-size-two\"><div class=\"title-sep-container title-sep-container-left\"><div class=\"title-sep sep-single sep-solid\" style=\"border-color:#e0dede;\"><\/div><\/div><span class=\"awb-title-spacer\"><\/span><h2 class=\"fusion-title-heading title-heading-center fusion-responsive-typography-calculated\" style=\"margin:0;--fontSize:35;line-height:1.29;\">Zucht<\/h2><span class=\"awb-title-spacer\"><\/span><div class=\"title-sep-container title-sep-container-right\"><div class=\"title-sep sep-single sep-solid\" style=\"border-color:#e0dede;\"><\/div><\/div><\/div><div class=\"fusion-title title fusion-title-2 fusion-title-center fusion-title-text fusion-title-size-three\"><div class=\"title-sep-container title-sep-container-left\"><div class=\"title-sep sep-single sep-solid\" style=\"border-color:#e0dede;\"><\/div><\/div><span class=\"awb-title-spacer\"><\/span><h3 class=\"fusion-title-heading title-heading-center fusion-responsive-typography-calculated\" style=\"margin:0;--fontSize:26;line-height:1.62;\">Das vom Z\u00fcchter zu erstrebende Ideal ist, ein Pferd zu schaffen von vollkommener Gesundheit und Harmonie zwischen Interieur und Exterieur, dass alle Kr\u00e4fte frei bleiben f\u00fcr Wollen und Wirken im Dienste des Menschen.<\/h3><span class=\"awb-title-spacer\"><\/span><div class=\"title-sep-container title-sep-container-right\"><div class=\"title-sep sep-single sep-solid\" style=\"border-color:#e0dede;\"><\/div><\/div><\/div><div class=\"fusion-text fusion-text-1\"><p style=\"text-align: center;\">Waldemar Seunig, 1943<\/p>\n<\/div><div class=\"fusion-separator\" style=\"align-self: center;margin-left: auto;margin-right: auto;width:100%;max-width:50%;\"><div class=\"fusion-separator-border sep-single sep-solid\" style=\"--awb-height:20px;--awb-amount:20px;border-color:#e0dede;border-top-width:1px;\"><\/div><\/div><div class=\"fusion-text fusion-text-2\"><h3 class=\"news-title\">DAS DEUTSCHE REITPONY<\/h3>\n<p><strong>Herkunft<\/strong><br \/>\n Deutschland<\/p>\n<p><strong>Gr\u00f6\u00dfe<\/strong><br \/>\n ca. 1,38m &#8211; 1,48m<\/p>\n<p><strong>Farben<\/strong><br \/>\n alle<\/p>\n<p><strong>\u00c4u\u00dfere Erscheinung<\/strong><br \/>\n <span style=\"text-decoration: underline;\">Typ<\/span><br \/>\n Erw\u00fcnscht ist das Erscheinungsbild eines eleganten, gro\u00dflinigen und harmonischen Reitponys. Die Pr\u00e4gung des mehr als andere Ponyrassen im Reitpferdetyp stehenden Ponys soll in einem kleinen, trockenen, ausdrucksvollen und edlen Kopf mit einem lebhaften, freundlichen Auge, nicht zu gro\u00dfen Ohren und gro\u00dfen, weiten N\u00fcstern, einer gut geformter Halsung, einer plastischen Bemuskelung sowie korrekten, klaren Gliedma\u00dfen zum Ausdruck kommen, wobei ponytypische Merkmale ausdr\u00fccklich erhalten bleiben sollen.<\/p>\n<p>Unerw\u00fcnscht sind insbesondere ein derbes, plumpes nicht im Ponytyp stehendes Erscheinungsbild, ein grober Kopf, verschwommene Konturen, unklare Gelenke und bei Zuchtpferden fehlender Geschlechtsausdruck.<\/p>\n<p><span style=\"text-decoration: underline;\">K\u00f6rperbau<\/span><br \/>\n Erw\u00fcnscht ist ein harmonischer, f\u00fcr Reitzwecke jeder Art geeigneter K\u00f6rperbau. Dazu geh\u00f6ren:<br \/>\n ein mittellanger, breiter, gut aufgesetzter, sich zum Kopf hin verj\u00fcngender Hals mit gen\u00fcgender Ganaschenfreiheit, eine gro\u00dfe, schr\u00e4g gelagerte Schulter,<br \/>\n ein markanter, weit in den R\u00fccken hineinreichender Widerrist, ein mittellanger, gut bemuskelter R\u00fccken, ausreichende Brusttiefe, eine l\u00e4ngere, leicht geneigte, gut bemuskelte Kruppe mit nicht zu hoch angesetztem Schweif, eine harmonische Rumpfaufteilung in Vor-, Mittel und Hinterhand.<\/p>\n<p>Erw\u00fcnscht ist weiterhin ein zum K\u00f6rperbau passendes, trockenes Fundament mit korrekten, ausreichend gro\u00dfen Gelenken, mittellangen Fesseln und festen, wohlgeformten, mittelgro\u00dfen Hufen, das eine lange Gebrauchsf\u00e4higkeit erwarten l\u00e4sst.<br \/>\n Au\u00dferdem eine korrekte, d. h. von vorne und hinten gesehen gerade Gliedma\u00dfenstellung, ein von der Seite gesehen geradegestelltes Vorderbein und ein im Sprunggelenk mit etwa 150\u00b0 gewinkeltes Hinterbein sowie eine jeweils gerade Zehenachse mit etwa 45\u00b0 bis 50\u00b0 zum Boden.<\/p>\n<p>Unerw\u00fcnscht ist ein insgesamt unharmonischer K\u00f6rperbau, insbesondere eine kurze, schwere oder tief angesetzte Halsung, eine kleine, steile Schulter, ein kurzer oder wenig markanter Widerrist, ein zu kurzer oder \u00fcberlanger weicher R\u00fccken, eine feste oder aufgew\u00f6lbte Nierenpartie, eine kurze oder gerade Kruppe mit hohem Schweifansatz, geringe Brusttiefe und hochgezogene Flanken mit kurzer Hinterrippe sowie unkorrekten Gliedma\u00dfen; hierzu geh\u00f6ren:<br \/>\n kleine, schmale oder eingeschn\u00fcrte Gelenke, schwache R\u00f6hrbeine und kurze, steile oder \u00fcberlange, weiche Fesseln sowie zu kleine Hufe, insbesondere mit nach innen gerichteten Trachten.<\/p>\n<p>Unerw\u00fcnscht sind weiterhin insbesondere zehenweite, zehenenge, bodenweite, bodenenge, r\u00fcckbiegige, steile oder s\u00e4belbeinige, kuhhessige oder fassbeinige Gliedma\u00dfenstellungen.<\/p>\n<p><span style=\"text-decoration: underline;\">Bewegungsablauf<\/span><br \/>\n Grundgangarten: Erw\u00fcnscht sind flei\u00dfige, taktm\u00e4\u00dfige und raumgreifende Grundgangarten (Schritt 4-Takt, Trab 2-Takt, Galopp 3-Takt). Der Bewegungsablauf im Schritt soll losgelassen, energisch und erhaben sein bei klarem Ab- und Auffu\u00dfen. Der Bewegungsablauf im Trab und Galopp soll bei klar erkennbarer Schwebephase elastisch, schwungvoll, leichtf\u00fc\u00dfig, getragen und mit nat\u00fcrlicher Aufrichtung und Balance ausgestattet sein. Der aus aktiv arbeitender, deutlich abfu\u00dfender Hinterhand entwickelte Schub soll \u00fcber einen locker schwingenden R\u00fccken auf die frei aus der Schulter vorgreifende Vorhand \u00fcbertragen werden. Etwas \u201eKnieaktion\u201c ist erw\u00fcnscht.<\/p>\n<p>Unerw\u00fcnscht sind insbesondere kurze, flache und unelastische Bewegungen bei festgehaltenem R\u00fccken sowie schwerf\u00e4llige, auf die Vorhand fallende oder untaktm\u00e4\u00dfige Bewegungen sowie schwankende und schaukelnde oder deutlich b\u00fcgelnde, drehende, bodenenge, zehenenge, bodenweite bzw. zehenweite Bewegungen und Bewegungen mit \u00fcbertriebener \u201eKnieaktion\u201c.<\/p>\n<p><span style=\"text-decoration: underline;\">Springen<\/span><br \/>\n Erw\u00fcnscht ist ein geschicktes, verm\u00f6gendes und \u00fcberlegtes Springen, welches Gelassenheit und Intelligenz erkennen l\u00e4sst. Im Ablauf sind deutliches \u201eSich-Aufnehmen\u201c, ein schnelles Abfu\u00dfen beim Absprung, ein ausgepr\u00e4gt schnelles Anwinkeln der Gliedma\u00dfen (m\u00f6glichst waage-rechte Haltung des Unterarmes \u00fcber dem Sprung), ein aufgew\u00f6lbter R\u00fccken bei deutlich hervortretendem Widerrist und abw\u00e4rts gebogener Halsung mit sich \u00f6ffnender Hinterhand [Bascule] erw\u00fcnscht.<br \/>\n Beim Gesamtablauf soll der Fluss der Bewegung und der Rhythmus des Galopps erhalten bleiben.<\/p>\n<p>Unerw\u00fcnscht ist insbesondere ein unkontrolliertes oder auch unentschlossenes Springen mit h\u00e4ngenden Beinen, hoher Nase \u00fcber dem Sprung, verbunden mit einem weggedr\u00fcckten R\u00fccken, bei dem der Fluss der Bewegung und der Rhythmus des Galopps verloren gehen.<\/p>\n<p><span style=\"text-decoration: underline;\">Innere Eigenschaften\/Leistungsveranlagung\/Gesundheit<\/span><br \/>\n Erw\u00fcnscht ist ein unkompliziertes, umg\u00e4ngliches, gleichzeitig einsatzfreudiges, nervenstarkes und verl\u00e4ssliches Pony, das einen wachen, intelligenten Eindruck macht und durch sein Auftreten und Verhalten gute Charaktereigenschaften sowie ein gelassenes, ausgeglichenes Temperament erkennen l\u00e4sst.<\/p>\n<p>Unerw\u00fcnscht sind insbesondere im Umgang schwierige, nerv\u00f6se oder heftige Ponys.<\/p>\n<p>Erw\u00fcnscht ist ein rittiges, vielseitig veranlagtes, leistungsbereites und leistungsf\u00e4higes, f\u00fcr Reit- und Sportzwecke jeder Art insbesondere f\u00fcr Kinder geeignetes Pony.<\/p>\n<p>Erw\u00fcnscht sind weiterhin: robuste Gesundheit, gute physische und psychische Belastbarkeit, nat\u00fcrliche Fruchtbarkeit sowie das Freisein von Erbfehlern.<\/p>\n<\/div><\/div><\/div><\/div><\/div>\n","protected":false},"excerpt":{"rendered":"","protected":false},"author":1,"featured_media":0,"parent":0,"menu_order":0,"comment_status":"closed","ping_status":"closed","template":"","meta":{"_acf_changed":false,"_exactmetrics_skip_tracking":false,"_exactmetrics_sitenote_active":false,"_exactmetrics_sitenote_note":"","_exactmetrics_sitenote_category":0,"ngg_post_thumbnail":0,"footnotes":""},"acf":[],"_links":{"self":[{"href":"https:\/\/www.reitponystation.de\/cms\/wp-json\/wp\/v2\/pages\/109"}],"collection":[{"href":"https:\/\/www.reitponystation.de\/cms\/wp-json\/wp\/v2\/pages"}],"about":[{"href":"https:\/\/www.reitponystation.de\/cms\/wp-json\/wp\/v2\/types\/page"}],"author":[{"embeddable":true,"href":"https:\/\/www.reitponystation.de\/cms\/wp-json\/wp\/v2\/users\/1"}],"replies":[{"embeddable":true,"href":"https:\/\/www.reitponystation.de\/cms\/wp-json\/wp\/v2\/comments?post=109"}],"version-history":[{"count":11,"href":"https:\/\/www.reitponystation.de\/cms\/wp-json\/wp\/v2\/pages\/109\/revisions"}],"predecessor-version":[{"id":2097,"href":"https:\/\/www.reitponystation.de\/cms\/wp-json\/wp\/v2\/pages\/109\/revisions\/2097"}],"wp:attachment":[{"href":"https:\/\/www.reitponystation.de\/cms\/wp-json\/wp\/v2\/media?parent=109"}],"curies":[{"name":"wp","href":"https:\/\/api.w.org\/{rel}","templated":true}]}}